{"id":129,"date":"2015-06-09T23:23:49","date_gmt":"2015-06-09T21:23:49","guid":{"rendered":"http:\/\/www.bourse-equipage-barry.be\/?page_id=129"},"modified":"2017-09-18T21:36:58","modified_gmt":"2017-09-18T20:36:58","slug":"notre-bateau","status":"publish","type":"page","link":"https:\/\/www.bourse-equipage-barry.be\/index.php\/notre-bateau\/","title":{"rendered":"Notre bateau"},"content":{"rendered":"<p><a href=\"http:\/\/www.bourse-equipage-barry.be\/wp-content\/uploads\/2015\/06\/6982ca95452f509ef38ba763a59bc437.jpg\">\u00a0<\/a><strong><span style=\"color: #ff0000;\">\u00a0<\/span><\/strong><\/p>\n<h5 style=\"text-align: center;\"><span style=\"color: #003366;\">Notre bateau est un Bavaria 36 cruiser ann\u00e9e 2012<\/span><\/h5>\n<p style=\"text-align: center;\"><a href=\"http:\/\/www.bourse-equipage-barry.be\/wp-content\/uploads\/2015\/06\/6982ca95452f509ef38ba763a59bc437.jpg\"><img loading=\"lazy\" decoding=\"async\" class=\"size-medium wp-image-2325 aligncenter\" src=\"http:\/\/www.bourse-equipage-barry.be\/wp-content\/uploads\/2015\/06\/6982ca95452f509ef38ba763a59bc437-201x300.jpg\" alt=\"6982ca95452f509ef38ba763a59bc437\" width=\"201\" height=\"300\" srcset=\"https:\/\/www.bourse-equipage-barry.be\/wp-content\/uploads\/2015\/06\/6982ca95452f509ef38ba763a59bc437-201x300.jpg 201w, https:\/\/www.bourse-equipage-barry.be\/wp-content\/uploads\/2015\/06\/6982ca95452f509ef38ba763a59bc437-300x448.jpg 300w, https:\/\/www.bourse-equipage-barry.be\/wp-content\/uploads\/2015\/06\/6982ca95452f509ef38ba763a59bc437.jpg 435w\" sizes=\"auto, (max-width: 201px) 100vw, 201px\" \/><\/a><a href=\"http:\/\/www.bourse-equipage-barry.be\/wp-content\/uploads\/2015\/06\/41e9d45770a44b37052a486c7063492b.jpg\"><img loading=\"lazy\" decoding=\"async\" class=\"aligncenter wp-image-2326\" src=\"http:\/\/www.bourse-equipage-barry.be\/wp-content\/uploads\/2015\/06\/41e9d45770a44b37052a486c7063492b.jpg\" alt=\"41e9d45770a44b37052a486c7063492b\" width=\"281\" height=\"141\" \/><\/a><\/p>\n<p style=\"text-align: center;\"><a href=\"http:\/\/www.bourse-equipage-barry.be\/wp-content\/uploads\/2015\/06\/bavaria-36-cruiser-essai.pdf\"><span style=\"color: #003366; text-decoration: underline;\"><strong>ARTICLE SUR L&#8217;ESSAI DU BAVARIA 36 CRUISER<\/strong><\/span><\/a><\/p>\n<p>&nbsp;<\/p>\n<table class=\"specs\" style=\"height: 346px;\" width=\"521\">\n<thead>\n<tr>\n<th style=\"text-align: center;\" colspan=\"2\">Dimensions principales du Bavaria Cruiser 36<\/th>\n<\/tr>\n<\/thead>\n<tbody>\n<tr class=\"l_0\">\n<td class=\"r1\"><strong>Longueur hors-tout<\/strong><\/td>\n<td class=\"r2\"><strong>11.3 m<\/strong><\/td>\n<\/tr>\n<tr class=\"l_1\">\n<td class=\"r1\"><strong>Longueur de coque<\/strong><\/td>\n<td class=\"r2\"><strong>10.9 m<\/strong><\/td>\n<\/tr>\n<tr class=\"l_0\">\n<td class=\"r1\"><strong>Longueur \u00e0 la flottaison<\/strong><\/td>\n<td class=\"r2\"><strong>9.9 m<\/strong><\/td>\n<\/tr>\n<tr class=\"l_1\">\n<td class=\"r1\"><strong>Bau (largeur)<\/strong><\/td>\n<td class=\"r2\"><strong>3.67 m<\/strong><\/td>\n<\/tr>\n<tr class=\"l_0\">\n<td class=\"r1\"><strong>Tirant d&#8217;eau<\/strong><\/td>\n<td class=\"r2\"><strong>1.95 m<\/strong><\/td>\n<\/tr>\n<tr class=\"l_1\">\n<td class=\"r1\"><strong>Tirant d&#8217;air (sans antennes \u00e9ventuelles, &#8230;)<\/strong><\/td>\n<td class=\"r2\"><strong>16.95 m<\/strong><\/td>\n<\/tr>\n<tr class=\"l_0\">\n<td class=\"r1\"><strong>D\u00e9placement l\u00e8ge (Masse \u00e0 vide) env<\/strong><\/td>\n<td class=\"r2\"><strong>7000 kg<\/strong><\/td>\n<\/tr>\n<tr class=\"l_1\">\n<td class=\"r1\"><strong>Poids du lest quille normale 30%<\/strong><\/td>\n<td class=\"r2\"><strong>2034 kg<\/strong><\/td>\n<\/tr>\n<tr class=\"l_0\">\n<td class=\"r1\"><strong>Jauge<\/strong><\/td>\n<td class=\"r2\"><strong>13.18 Tx<\/strong><\/td>\n<\/tr>\n<\/tbody>\n<\/table>\n<table class=\"specs\">\n<thead>\n<tr>\n<th style=\"text-align: center;\" colspan=\"2\">Gr\u00e9ement et voilure du Bavaria Cruiser 36<\/th>\n<\/tr>\n<\/thead>\n<tbody>\n<tr class=\"l_0\">\n<td class=\"r1\"><strong>Surface de voile au pr\u00e8s<\/strong><\/td>\n<td class=\"r2\"><strong>68 m\u00b2<\/strong><\/td>\n<\/tr>\n<tr class=\"l_1\">\n<td class=\"r1\"><strong>Surface de voile au portant<\/strong><\/td>\n<td class=\"r2\"><strong>123 m\u00b2<\/strong><\/td>\n<\/tr>\n<tr class=\"l_0\">\n<td class=\"r1\"><strong>Surface de grand voile<\/strong><\/td>\n<td class=\"r2\"><strong>41 m\u00b2<\/strong><\/td>\n<\/tr>\n<tr class=\"l_1\">\n<td class=\"r1\"><strong>Surface de solent<\/strong><\/td>\n<td class=\"r2\"><strong>27 m\u00b2<\/strong><\/td>\n<\/tr>\n<tr class=\"l_0\">\n<td class=\"r1\"><strong>Surface de gennaker<\/strong><\/td>\n<td class=\"r2\"><strong>82 m\u00b2<\/strong><\/td>\n<\/tr>\n<tr class=\"l_1\">\n<td class=\"r1\"><strong>Type de gr\u00e9ement<\/strong><\/td>\n<td class=\"r2\"><strong>Sloop Marconi 9\/10<\/strong><\/td>\n<\/tr>\n<tr class=\"l_0\">\n<td class=\"r1\"><strong>Position du m\u00e2t<\/strong><\/td>\n<td class=\"r2\"><strong>M\u00e2t pos\u00e9 sur le pont<\/strong><\/td>\n<\/tr>\n<tr class=\"l_1\">\n<td class=\"r1\"><strong>Mat\u00e9riaux du gr\u00e9ement<\/strong><\/td>\n<td class=\"r2\"><strong>M\u00e2t et b\u00f4me en Aluminium<\/strong><\/td>\n<\/tr>\n<tr class=\"l_0\">\n<td class=\"r1\"><strong>Nombres d&#8217;\u00e9tage(s) de barres de fl\u00e8che<\/strong><\/td>\n<td class=\"r2\"><strong>2<\/strong><\/td>\n<\/tr>\n<tr class=\"l_1\">\n<td class=\"r1\"><strong>Angle des barres de fl\u00e8che<\/strong><\/td>\n<td class=\"r2\"><strong>Poussantes<\/strong><\/td>\n<\/tr>\n<tr class=\"l_0\">\n<td class=\"r1\"><strong><i class=\"def\">Mesure la hauteur du triangle avant (distance du pied de mat \u00e0 la fixation de l&#8217;\u00e9tai sur le mat)<\/i><\/strong><\/td>\n<td class=\"r2\"><strong>14.1 m<\/strong><\/td>\n<\/tr>\n<tr class=\"l_1\">\n<td class=\"r1\"><strong><i class=\"def\">Mesure la base du triangle avant (distance du pied de mat bas de l&#8217;\u00e9tai)<\/i><\/strong><\/td>\n<td class=\"r2\"><strong>3.73 m<\/strong><\/td>\n<\/tr>\n<tr class=\"l_0\">\n<td class=\"r1\"><strong><i class=\"def\">Mesure du guindant de la grand voile (distance de l&#8217;amure \u00e0 la drisse)<\/i><\/strong><\/td>\n<td class=\"r2\"><strong>13.62 m<\/strong><\/td>\n<\/tr>\n<tr class=\"l_1\">\n<td class=\"r1\"><strong><i class=\"def\">Mesure de la bordure de la grand voile (distance de l&#8217;amure au point d&#8217;\u00e9coute)<\/i><\/strong><\/td>\n<td class=\"r2\"><strong>5.1 m<\/strong><\/td>\n<\/tr>\n<\/tbody>\n<\/table>\n<table class=\"specs\" style=\"height: 235px;\" width=\"599\">\n<thead>\n<tr>\n<th style=\"text-align: center;\" colspan=\"2\">Moteur auxiliaire du Bavaria Cruiser 36<\/th>\n<\/tr>\n<\/thead>\n<tbody>\n<tr class=\"l_0\">\n<td class=\"r1\"><strong>Nombre de moteur(s)<\/strong><\/td>\n<td class=\"r2\"><strong>1<\/strong><\/td>\n<\/tr>\n<tr class=\"l_1\">\n<td class=\"r1\"><strong>Type de moteur<\/strong><\/td>\n<td class=\"r2\"><strong>Inboard volvo penta D1-30<\/strong><\/td>\n<\/tr>\n<tr class=\"l_1\">\n<td class=\"r1\"><strong>Type de carburant<\/strong><\/td>\n<td class=\"r2\"><strong>Diesel<\/strong><\/td>\n<\/tr>\n<tr class=\"l_0\">\n<td class=\"r1\"><strong>Capacit\u00e9 carburant<\/strong><\/td>\n<td class=\"r2\"><strong>150 litres<\/strong><\/td>\n<\/tr>\n<\/tbody>\n<\/table>\n<p style=\"text-align: center;\"><span style=\"color: #003366;\"><strong><span style=\"text-decoration: underline;\"><a style=\"color: #003366; text-decoration: underline;\" href=\"http:\/\/www.bourse-equipage-barry.be\/wp-content\/uploads\/2015\/06\/47709044_FR.pdf\">FICHE TECHNIQUE MOTEUR<\/a><\/span><\/strong><\/span><\/p>\n<p><a href=\"http:\/\/www.bourse-equipage-barry.be\/wp-content\/uploads\/2015\/06\/DSC_0713-1280x720.jpg\"><img loading=\"lazy\" decoding=\"async\" class=\"alignnone size-medium wp-image-2305\" src=\"http:\/\/www.bourse-equipage-barry.be\/wp-content\/uploads\/2015\/06\/DSC_0713-1280x720-300x169.jpg\" alt=\"dsc_0713-1280x720\" width=\"300\" height=\"169\" srcset=\"https:\/\/www.bourse-equipage-barry.be\/wp-content\/uploads\/2015\/06\/DSC_0713-1280x720-300x169.jpg 300w, https:\/\/www.bourse-equipage-barry.be\/wp-content\/uploads\/2015\/06\/DSC_0713-1280x720-768x432.jpg 768w, https:\/\/www.bourse-equipage-barry.be\/wp-content\/uploads\/2015\/06\/DSC_0713-1280x720-1024x576.jpg 1024w, https:\/\/www.bourse-equipage-barry.be\/wp-content\/uploads\/2015\/06\/DSC_0713-1280x720.jpg 1280w\" sizes=\"auto, (max-width: 300px) 100vw, 300px\" \/><\/a>\u00a0<span style=\"color: #ff0000;\"><a href=\"http:\/\/www.bourse-equipage-barry.be\/wp-content\/uploads\/2015\/05\/DSC_0714-1280x720.jpg\"><img loading=\"lazy\" decoding=\"async\" class=\"alignnone size-medium wp-image-1821\" src=\"http:\/\/www.bourse-equipage-barry.be\/wp-content\/uploads\/2015\/05\/DSC_0714-1280x720-300x169.jpg\" alt=\"le nouveau bateau\" width=\"300\" height=\"169\" srcset=\"https:\/\/www.bourse-equipage-barry.be\/wp-content\/uploads\/2015\/05\/DSC_0714-1280x720-300x169.jpg 300w, https:\/\/www.bourse-equipage-barry.be\/wp-content\/uploads\/2015\/05\/DSC_0714-1280x720-768x432.jpg 768w, https:\/\/www.bourse-equipage-barry.be\/wp-content\/uploads\/2015\/05\/DSC_0714-1280x720-1024x576.jpg 1024w, https:\/\/www.bourse-equipage-barry.be\/wp-content\/uploads\/2015\/05\/DSC_0714-1280x720.jpg 1280w\" sizes=\"auto, (max-width: 300px) 100vw, 300px\" \/><\/a><\/span><a href=\"http:\/\/www.bourse-equipage-barry.be\/wp-content\/uploads\/2016\/11\/P1670072.jpg\"><img loading=\"lazy\" decoding=\"async\" class=\"alignnone size-medium wp-image-2179\" src=\"http:\/\/www.bourse-equipage-barry.be\/wp-content\/uploads\/2016\/11\/P1670072-300x199.jpg\" alt=\"p1670072\" width=\"300\" height=\"199\" srcset=\"https:\/\/www.bourse-equipage-barry.be\/wp-content\/uploads\/2016\/11\/P1670072-300x199.jpg 300w, https:\/\/www.bourse-equipage-barry.be\/wp-content\/uploads\/2016\/11\/P1670072-768x510.jpg 768w, https:\/\/www.bourse-equipage-barry.be\/wp-content\/uploads\/2016\/11\/P1670072.jpg 1024w\" sizes=\"auto, (max-width: 300px) 100vw, 300px\" \/>\u00a0<\/a><a href=\"http:\/\/www.bourse-equipage-barry.be\/wp-content\/uploads\/2015\/06\/DSC_0610-Medium.jpg\"><img loading=\"lazy\" decoding=\"async\" class=\"alignnone size-medium wp-image-2238\" src=\"http:\/\/www.bourse-equipage-barry.be\/wp-content\/uploads\/2015\/06\/DSC_0610-Medium-300x199.jpg\" alt=\"dsc_0610-medium\" width=\"300\" height=\"199\" srcset=\"https:\/\/www.bourse-equipage-barry.be\/wp-content\/uploads\/2015\/06\/DSC_0610-Medium-300x199.jpg 300w, https:\/\/www.bourse-equipage-barry.be\/wp-content\/uploads\/2015\/06\/DSC_0610-Medium-768x510.jpg 768w, https:\/\/www.bourse-equipage-barry.be\/wp-content\/uploads\/2015\/06\/DSC_0610-Medium-1024x680.jpg 1024w, https:\/\/www.bourse-equipage-barry.be\/wp-content\/uploads\/2015\/06\/DSC_0610-Medium.jpg 1156w\" sizes=\"auto, (max-width: 300px) 100vw, 300px\" \/><\/a><a href=\"http:\/\/www.bourse-equipage-barry.be\/wp-content\/uploads\/2015\/06\/DSC_0699-720x1280.jpg\"><img loading=\"lazy\" decoding=\"async\" class=\"alignnone wp-image-2300\" src=\"http:\/\/www.bourse-equipage-barry.be\/wp-content\/uploads\/2015\/06\/DSC_0699-720x1280-169x300.jpg\" alt=\"dsc_0699-720x1280\" width=\"199\" height=\"354\" srcset=\"https:\/\/www.bourse-equipage-barry.be\/wp-content\/uploads\/2015\/06\/DSC_0699-720x1280-169x300.jpg 169w, https:\/\/www.bourse-equipage-barry.be\/wp-content\/uploads\/2015\/06\/DSC_0699-720x1280-300x533.jpg 300w, https:\/\/www.bourse-equipage-barry.be\/wp-content\/uploads\/2015\/06\/DSC_0699-720x1280-576x1024.jpg 576w, https:\/\/www.bourse-equipage-barry.be\/wp-content\/uploads\/2015\/06\/DSC_0699-720x1280.jpg 720w\" sizes=\"auto, (max-width: 199px) 100vw, 199px\" \/><\/a>\u00a0<span style=\"color: #ff0000;\"><a href=\"http:\/\/www.bourse-equipage-barry.be\/wp-content\/uploads\/2015\/06\/DSC_0710-720x1280.jpg\"><img loading=\"lazy\" decoding=\"async\" class=\"alignnone wp-image-2302\" src=\"http:\/\/www.bourse-equipage-barry.be\/wp-content\/uploads\/2015\/06\/DSC_0710-720x1280-169x300.jpg\" alt=\"dsc_0710-720x1280\" width=\"199\" height=\"354\" srcset=\"https:\/\/www.bourse-equipage-barry.be\/wp-content\/uploads\/2015\/06\/DSC_0710-720x1280-169x300.jpg 169w, https:\/\/www.bourse-equipage-barry.be\/wp-content\/uploads\/2015\/06\/DSC_0710-720x1280-300x533.jpg 300w, https:\/\/www.bourse-equipage-barry.be\/wp-content\/uploads\/2015\/06\/DSC_0710-720x1280-576x1024.jpg 576w, https:\/\/www.bourse-equipage-barry.be\/wp-content\/uploads\/2015\/06\/DSC_0710-720x1280.jpg 720w\" sizes=\"auto, (max-width: 199px) 100vw, 199px\" \/><\/a>\u00a0<a href=\"http:\/\/www.bourse-equipage-barry.be\/wp-content\/uploads\/2015\/06\/DSC_0722-720x1280.jpg\"><img loading=\"lazy\" decoding=\"async\" class=\"alignnone wp-image-2303\" src=\"http:\/\/www.bourse-equipage-barry.be\/wp-content\/uploads\/2015\/06\/DSC_0722-720x1280-169x300.jpg\" alt=\"dsc_0722-720x1280\" width=\"199\" height=\"354\" srcset=\"https:\/\/www.bourse-equipage-barry.be\/wp-content\/uploads\/2015\/06\/DSC_0722-720x1280-169x300.jpg 169w, https:\/\/www.bourse-equipage-barry.be\/wp-content\/uploads\/2015\/06\/DSC_0722-720x1280-300x533.jpg 300w, https:\/\/www.bourse-equipage-barry.be\/wp-content\/uploads\/2015\/06\/DSC_0722-720x1280-576x1024.jpg 576w, https:\/\/www.bourse-equipage-barry.be\/wp-content\/uploads\/2015\/06\/DSC_0722-720x1280.jpg 720w\" sizes=\"auto, (max-width: 199px) 100vw, 199px\" \/><\/a><\/span><a href=\"http:\/\/www.bourse-equipage-barry.be\/wp-content\/uploads\/2015\/06\/DSC_0727-1280x720.jpg\"><img loading=\"lazy\" decoding=\"async\" class=\"alignnone wp-image-2239 size-medium\" src=\"http:\/\/www.bourse-equipage-barry.be\/wp-content\/uploads\/2015\/06\/DSC_0727-1280x720-300x169.jpg\" alt=\"dsc_0727-1280x720\" width=\"300\" height=\"169\" srcset=\"https:\/\/www.bourse-equipage-barry.be\/wp-content\/uploads\/2015\/06\/DSC_0727-1280x720-300x169.jpg 300w, https:\/\/www.bourse-equipage-barry.be\/wp-content\/uploads\/2015\/06\/DSC_0727-1280x720-768x432.jpg 768w, https:\/\/www.bourse-equipage-barry.be\/wp-content\/uploads\/2015\/06\/DSC_0727-1280x720-1024x576.jpg 1024w, https:\/\/www.bourse-equipage-barry.be\/wp-content\/uploads\/2015\/06\/DSC_0727-1280x720.jpg 1280w\" sizes=\"auto, (max-width: 300px) 100vw, 300px\" \/><\/a>\u00a0<a href=\"http:\/\/www.bourse-equipage-barry.be\/wp-content\/uploads\/2015\/06\/DSC_0697-1280x720.jpg\"><img loading=\"lazy\" decoding=\"async\" class=\"alignnone size-medium wp-image-2240\" src=\"http:\/\/www.bourse-equipage-barry.be\/wp-content\/uploads\/2015\/06\/DSC_0697-1280x720-300x169.jpg\" alt=\"dsc_0697-1280x720\" width=\"300\" height=\"169\" srcset=\"https:\/\/www.bourse-equipage-barry.be\/wp-content\/uploads\/2015\/06\/DSC_0697-1280x720-300x169.jpg 300w, https:\/\/www.bourse-equipage-barry.be\/wp-content\/uploads\/2015\/06\/DSC_0697-1280x720-768x432.jpg 768w, https:\/\/www.bourse-equipage-barry.be\/wp-content\/uploads\/2015\/06\/DSC_0697-1280x720-1024x576.jpg 1024w, https:\/\/www.bourse-equipage-barry.be\/wp-content\/uploads\/2015\/06\/DSC_0697-1280x720.jpg 1280w\" sizes=\"auto, (max-width: 300px) 100vw, 300px\" \/><\/a><a href=\"http:\/\/www.bourse-equipage-barry.be\/wp-content\/uploads\/2015\/06\/DSC_0721-1280x720.jpg\"><img loading=\"lazy\" decoding=\"async\" class=\"alignnone wp-image-2304 size-medium\" src=\"http:\/\/www.bourse-equipage-barry.be\/wp-content\/uploads\/2015\/06\/DSC_0721-1280x720-300x169.jpg\" alt=\"dsc_0721-1280x720\" width=\"300\" height=\"169\" srcset=\"https:\/\/www.bourse-equipage-barry.be\/wp-content\/uploads\/2015\/06\/DSC_0721-1280x720-300x169.jpg 300w, https:\/\/www.bourse-equipage-barry.be\/wp-content\/uploads\/2015\/06\/DSC_0721-1280x720-768x432.jpg 768w, https:\/\/www.bourse-equipage-barry.be\/wp-content\/uploads\/2015\/06\/DSC_0721-1280x720-1024x576.jpg 1024w, https:\/\/www.bourse-equipage-barry.be\/wp-content\/uploads\/2015\/06\/DSC_0721-1280x720.jpg 1280w\" sizes=\"auto, (max-width: 300px) 100vw, 300px\" \/>\u00a0<\/a><a href=\"http:\/\/www.bourse-equipage-barry.be\/wp-content\/uploads\/2015\/06\/DSC_0726-1280x720.jpg\"><img loading=\"lazy\" decoding=\"async\" class=\"alignnone size-medium wp-image-2311\" src=\"http:\/\/www.bourse-equipage-barry.be\/wp-content\/uploads\/2015\/06\/DSC_0726-1280x720-300x169.jpg\" alt=\"dsc_0726-1280x720\" width=\"300\" height=\"169\" srcset=\"https:\/\/www.bourse-equipage-barry.be\/wp-content\/uploads\/2015\/06\/DSC_0726-1280x720-300x169.jpg 300w, https:\/\/www.bourse-equipage-barry.be\/wp-content\/uploads\/2015\/06\/DSC_0726-1280x720-768x432.jpg 768w, https:\/\/www.bourse-equipage-barry.be\/wp-content\/uploads\/2015\/06\/DSC_0726-1280x720-1024x576.jpg 1024w, https:\/\/www.bourse-equipage-barry.be\/wp-content\/uploads\/2015\/06\/DSC_0726-1280x720.jpg 1280w\" sizes=\"auto, (max-width: 300px) 100vw, 300px\" \/><\/a><a href=\"http:\/\/www.bourse-equipage-barry.be\/wp-content\/uploads\/2015\/06\/DSC_0724-1280x720.jpg\"><img loading=\"lazy\" decoding=\"async\" class=\"alignnone size-medium wp-image-2316\" src=\"http:\/\/www.bourse-equipage-barry.be\/wp-content\/uploads\/2015\/06\/DSC_0724-1280x720-300x169.jpg\" alt=\"dsc_0724-1280x720\" width=\"300\" height=\"169\" srcset=\"https:\/\/www.bourse-equipage-barry.be\/wp-content\/uploads\/2015\/06\/DSC_0724-1280x720-300x169.jpg 300w, https:\/\/www.bourse-equipage-barry.be\/wp-content\/uploads\/2015\/06\/DSC_0724-1280x720-768x432.jpg 768w, https:\/\/www.bourse-equipage-barry.be\/wp-content\/uploads\/2015\/06\/DSC_0724-1280x720-1024x576.jpg 1024w, https:\/\/www.bourse-equipage-barry.be\/wp-content\/uploads\/2015\/06\/DSC_0724-1280x720.jpg 1280w\" sizes=\"auto, (max-width: 300px) 100vw, 300px\" \/>\u00a0<\/a><a href=\"http:\/\/www.bourse-equipage-barry.be\/wp-content\/uploads\/2015\/06\/DSC_0729-1280x720.jpg\"><img loading=\"lazy\" decoding=\"async\" class=\"alignnone size-medium wp-image-2317\" src=\"http:\/\/www.bourse-equipage-barry.be\/wp-content\/uploads\/2015\/06\/DSC_0729-1280x720-300x169.jpg\" alt=\"dsc_0729-1280x720\" width=\"300\" height=\"169\" srcset=\"https:\/\/www.bourse-equipage-barry.be\/wp-content\/uploads\/2015\/06\/DSC_0729-1280x720-300x169.jpg 300w, https:\/\/www.bourse-equipage-barry.be\/wp-content\/uploads\/2015\/06\/DSC_0729-1280x720-768x432.jpg 768w, https:\/\/www.bourse-equipage-barry.be\/wp-content\/uploads\/2015\/06\/DSC_0729-1280x720-1024x576.jpg 1024w, https:\/\/www.bourse-equipage-barry.be\/wp-content\/uploads\/2015\/06\/DSC_0729-1280x720.jpg 1280w\" sizes=\"auto, (max-width: 300px) 100vw, 300px\" \/><\/a><a href=\"http:\/\/www.bourse-equipage-barry.be\/wp-content\/uploads\/2015\/06\/DSC_0709-1280x720.jpg\"><img loading=\"lazy\" decoding=\"async\" class=\"alignnone size-medium wp-image-2313\" src=\"http:\/\/www.bourse-equipage-barry.be\/wp-content\/uploads\/2015\/06\/DSC_0709-1280x720-300x169.jpg\" alt=\"dsc_0709-1280x720\" width=\"300\" height=\"169\" srcset=\"https:\/\/www.bourse-equipage-barry.be\/wp-content\/uploads\/2015\/06\/DSC_0709-1280x720-300x169.jpg 300w, https:\/\/www.bourse-equipage-barry.be\/wp-content\/uploads\/2015\/06\/DSC_0709-1280x720-768x432.jpg 768w, https:\/\/www.bourse-equipage-barry.be\/wp-content\/uploads\/2015\/06\/DSC_0709-1280x720-1024x576.jpg 1024w, https:\/\/www.bourse-equipage-barry.be\/wp-content\/uploads\/2015\/06\/DSC_0709-1280x720.jpg 1280w\" sizes=\"auto, (max-width: 300px) 100vw, 300px\" \/><\/a><a href=\"http:\/\/www.bourse-equipage-barry.be\/wp-content\/uploads\/2015\/06\/DSC_0726-1280x720.jpg\">\u00a0<\/a><a href=\"http:\/\/www.bourse-equipage-barry.be\/wp-content\/uploads\/2015\/06\/DSC_0731-1280x720.jpg\"><img loading=\"lazy\" decoding=\"async\" class=\"alignnone size-medium wp-image-2314\" src=\"http:\/\/www.bourse-equipage-barry.be\/wp-content\/uploads\/2015\/06\/DSC_0731-1280x720-300x169.jpg\" alt=\"dsc_0731-1280x720\" width=\"300\" height=\"169\" srcset=\"https:\/\/www.bourse-equipage-barry.be\/wp-content\/uploads\/2015\/06\/DSC_0731-1280x720-300x169.jpg 300w, https:\/\/www.bourse-equipage-barry.be\/wp-content\/uploads\/2015\/06\/DSC_0731-1280x720-768x432.jpg 768w, https:\/\/www.bourse-equipage-barry.be\/wp-content\/uploads\/2015\/06\/DSC_0731-1280x720-1024x576.jpg 1024w, https:\/\/www.bourse-equipage-barry.be\/wp-content\/uploads\/2015\/06\/DSC_0731-1280x720.jpg 1280w\" sizes=\"auto, (max-width: 300px) 100vw, 300px\" \/><\/a><a href=\"http:\/\/www.bourse-equipage-barry.be\/wp-content\/uploads\/2015\/05\/Club-de-voile-Hainaut-Bourse-d\u00e9quipage-Barry.jpg\"><img loading=\"lazy\" decoding=\"async\" class=\"aligncenter wp-image-2473\" src=\"http:\/\/www.bourse-equipage-barry.be\/wp-content\/uploads\/2015\/05\/Club-de-voile-Hainaut-Bourse-d\u00e9quipage-Barry-243x300.jpg\" width=\"135\" height=\"166\" srcset=\"https:\/\/www.bourse-equipage-barry.be\/wp-content\/uploads\/2015\/05\/Club-de-voile-Hainaut-Bourse-d\u00e9quipage-Barry-243x300.jpg 243w, https:\/\/www.bourse-equipage-barry.be\/wp-content\/uploads\/2015\/05\/Club-de-voile-Hainaut-Bourse-d\u00e9quipage-Barry.jpg 271w\" sizes=\"auto, (max-width: 135px) 100vw, 135px\" \/><\/a><\/p>\n<h6 style=\"text-align: center;\"><span style=\"color: #003366;\"><strong>Club de voile Bourse d&#8217;\u00e9quipage Barry<\/strong><\/span><\/h6>\n<h6 style=\"text-align: center;\"><span style=\"color: #003366;\"><strong>Hainaut\u00a0\u00a0 Belgique\u00a0<\/strong><\/span><\/h6>\n","protected":false},"excerpt":{"rendered":"<p>\u00a0\u00a0 Notre bateau est un Bavaria 36 cruiser ann\u00e9e 2012 ARTICLE SUR L&#8217;ESSAI DU BAVARIA 36 CRUISER &nbsp; Dimensions principales du Bavaria Cruiser 36 Longueur hors-tout 11.3 m Longueur de coque 10.9 m Longueur \u00e0 la flottaison 9.9 m Bau (largeur) 3.67 m Tirant d&#8217;eau 1.95 m Tirant d&#8217;air (sans antennes \u00e9ventuelles, &#8230;) 16.95 m &hellip; <a href=\"https:\/\/www.bourse-equipage-barry.be\/index.php\/notre-bateau\/\" class=\"more-link\">Continuer la lecture de <span class=\"screen-reader-text\">Notre bateau<\/span> <span class=\"meta-nav\">&rarr;<\/span><\/a><\/p>\n","protected":false},"author":1,"featured_media":0,"parent":0,"menu_order":0,"comment_status":"closed","ping_status":"open","template":"","meta":{"pmpro_default_level":"","footnotes":""},"class_list":["post-129","page","type-page","status-publish","hentry","pmpro-has-access"],"_links":{"self":[{"href":"https:\/\/www.bourse-equipage-barry.be\/index.php\/wp-json\/wp\/v2\/pages\/129","targetHints":{"allow":["GET"]}}],"collection":[{"href":"https:\/\/www.bourse-equipage-barry.be\/index.php\/wp-json\/wp\/v2\/pages"}],"about":[{"href":"https:\/\/www.bourse-equipage-barry.be\/index.php\/wp-json\/wp\/v2\/types\/page"}],"author":[{"embeddable":true,"href":"https:\/\/www.bourse-equipage-barry.be\/index.php\/wp-json\/wp\/v2\/users\/1"}],"replies":[{"embeddable":true,"href":"https:\/\/www.bourse-equipage-barry.be\/index.php\/wp-json\/wp\/v2\/comments?post=129"}],"version-history":[{"count":98,"href":"https:\/\/www.bourse-equipage-barry.be\/index.php\/wp-json\/wp\/v2\/pages\/129\/revisions"}],"predecessor-version":[{"id":3071,"href":"https:\/\/www.bourse-equipage-barry.be\/index.php\/wp-json\/wp\/v2\/pages\/129\/revisions\/3071"}],"wp:attachment":[{"href":"https:\/\/www.bourse-equipage-barry.be\/index.php\/wp-json\/wp\/v2\/media?parent=129"}],"curies":[{"name":"wp","href":"https:\/\/api.w.org\/{rel}","templated":true}]}}