{"id":2775,"date":"2017-03-20T22:58:42","date_gmt":"2017-03-20T21:58:42","guid":{"rendered":"http:\/\/www.bourse-equipage-barry.be\/?page_id=2775"},"modified":"2017-03-20T23:08:59","modified_gmt":"2017-03-20T22:08:59","slug":"documents-utiles-pour-georges","status":"publish","type":"page","link":"https:\/\/www.bourse-equipage-barry.be\/index.php\/documents-utiles-pour-georges\/","title":{"rendered":"Documents utiles pour Georges"},"content":{"rendered":"<p style=\"padding-left: 30px;\"><strong><span style=\"color: #003366;\"><a style=\"color: #003366;\" href=\"http:\/\/www.bourse-equipage-barry.be\/wp-content\/uploads\/2017\/03\/BAVARIA_manuel_proprio.pdf\">Manuel du propri\u00e9taire<\/a><\/span><\/strong><\/p>\n<p style=\"padding-left: 30px;\"><span style=\"color: #003366;\"><strong><a style=\"color: #003366;\" href=\"http:\/\/www.bourse-equipage-barry.be\/wp-content\/uploads\/2017\/03\/BAVARIA_tableau_elect_mode_emploi.pdf\">Mode d&#8217;emploi du tableau \u00e9lectrique<\/a><\/strong><\/span><\/p>\n<p style=\"padding-left: 30px;\"><span style=\"color: #003366;\"><strong><a style=\"color: #003366;\" href=\"http:\/\/www.bourse-equipage-barry.be\/wp-content\/uploads\/2017\/03\/Syst\u00e8me-de-Barre-Lewmar-2013.pdf\">Syst\u00e8me de Barre Lewmar 2013<\/a><\/strong><\/span><\/p>\n<p style=\"padding-left: 30px;\"><span style=\"color: #003366;\"><strong><a style=\"color: #003366;\" href=\"http:\/\/www.bourse-equipage-barry.be\/wp-content\/uploads\/2017\/03\/VOLVO-PENTA-D1-13_D1-20_D1-30_D2-40.pdf\">VOLVO-PENTA-D1-13_D1-20_D1-30_D2-40<\/a><\/strong><\/span><\/p>\n<p style=\"padding-left: 30px;\"><span style=\"color: #003366;\"><strong><a style=\"color: #003366;\" href=\"http:\/\/www.bourse-equipage-barry.be\/wp-content\/uploads\/2017\/03\/chargeur_batteries.pdf\">Chargeur batteries<\/a><\/strong><\/span><\/p>\n<p>&nbsp;<\/p>\n","protected":false},"excerpt":{"rendered":"<p>Manuel du propri\u00e9taire Mode d&#8217;emploi du tableau \u00e9lectrique Syst\u00e8me de Barre Lewmar 2013 VOLVO-PENTA-D1-13_D1-20_D1-30_D2-40 Chargeur batteries &nbsp;<\/p>\n","protected":false},"author":1,"featured_media":0,"parent":0,"menu_order":0,"comment_status":"closed","ping_status":"closed","template":"","meta":{"pmpro_default_level":"","footnotes":""},"class_list":["post-2775","page","type-page","status-publish","hentry","pmpro-has-access"],"_links":{"self":[{"href":"https:\/\/www.bourse-equipage-barry.be\/index.php\/wp-json\/wp\/v2\/pages\/2775","targetHints":{"allow":["GET"]}}],"collection":[{"href":"https:\/\/www.bourse-equipage-barry.be\/index.php\/wp-json\/wp\/v2\/pages"}],"about":[{"href":"https:\/\/www.bourse-equipage-barry.be\/index.php\/wp-json\/wp\/v2\/types\/page"}],"author":[{"embeddable":true,"href":"https:\/\/www.bourse-equipage-barry.be\/index.php\/wp-json\/wp\/v2\/users\/1"}],"replies":[{"embeddable":true,"href":"https:\/\/www.bourse-equipage-barry.be\/index.php\/wp-json\/wp\/v2\/comments?post=2775"}],"version-history":[{"count":5,"href":"https:\/\/www.bourse-equipage-barry.be\/index.php\/wp-json\/wp\/v2\/pages\/2775\/revisions"}],"predecessor-version":[{"id":3060,"href":"https:\/\/www.bourse-equipage-barry.be\/index.php\/wp-json\/wp\/v2\/pages\/2775\/revisions\/3060"}],"wp:attachment":[{"href":"https:\/\/www.bourse-equipage-barry.be\/index.php\/wp-json\/wp\/v2\/media?parent=2775"}],"curies":[{"name":"wp","href":"https:\/\/api.w.org\/{rel}","templated":true}]}}