{"id":281,"date":"2015-06-15T20:43:20","date_gmt":"2015-06-15T18:43:20","guid":{"rendered":"http:\/\/www.bourse-equipage-barry.be\/?page_id=281"},"modified":"2020-03-04T14:21:42","modified_gmt":"2020-03-04T13:21:42","slug":"recits-de-navigation","status":"publish","type":"page","link":"https:\/\/www.bourse-equipage-barry.be\/index.php\/recits-de-navigation\/","title":{"rendered":"R\u00e9cits de navigation"},"content":{"rendered":"<p><span style=\"color: #003366;\">Pour lire le r\u00e9cit, cliquez sur le titre&#8230;<\/span><\/p>\n<h3>Ann\u00e9e 2020 :<\/h3>\n<ul>\n<li>Londres et les pays-bas<\/li>\n<li>La longue navigation vers la Bretagne en passant par les \u00eeles Scilly<\/li>\n<li>Zaton (Croatie) &#8211; Venise sur catamaran<\/li>\n<li>La sardaigne sur catamaran<\/li>\n<\/ul>\n<h3>Ann\u00e9e 2019 :<\/h3>\n<ul>\n<li>co-voyage du catamaran de La Rochelle (France) vers Zaton (Croatie)<\/li>\n<li><a href=\"https:\/\/www.bourse-equipage-barry.be\/index.php\/2019\/08\/19\/recits-longue-navigation-2019\/\">La longue navigation (Nieuwpoort -&gt; Scrabster (Ecosse) -&gt; Nieuwpoort)<\/a><\/li>\n<\/ul>\n<h3>Ann\u00e9e 2018 :<\/h3>\n<ul>\n<li><a href=\"https:\/\/www.bourse-equipage-barry.be\/index.php\/2018\/10\/13\/semaine-londonienne\/\">Semaine vers Cowes et retour<\/a><\/li>\n<li><a href=\"https:\/\/www.bourse-equipage-barry.be\/index.php\/2018\/10\/08\/week-end-du-15et-16-septembre-avec-des-membres-du-groupe-sequoia\/\">Weekend du 15 et 16 septembre avec des membres du groupe S\u00e9quoia<\/a><\/li>\n<li><a href=\"https:\/\/www.bourse-equipage-barry.be\/index.php\/2018\/10\/04\/longue-navigation-2018\/\">La longue navigation (Nieuwpoort -&gt; Oxel\u00f6sund (Su\u00e8de) -&gt; Nieuwpoort)<\/a><\/li>\n<\/ul>\n<h3>Ann\u00e9e 2017 :<\/h3>\n<ul>\n<li><a href=\"https:\/\/www.bourse-equipage-barry.be\/index.php\/2018\/10\/08\/longue-navigation-2017\/\">La longue navigation (Portbou (Espagne) -&gt; Nieuwpoort)<\/a><\/li>\n<\/ul>\n<h3>Ann\u00e9e 2016 :<\/h3>\n<ul>\n<li><a href=\"http:\/\/www.bourse-equipage-barry.be\/index.php\/2016\/11\/13\/le-premier-voyage-de-notre-nouveau-bavaria-36-cruiser\/\"><span style=\"color: #000000;\"><span style=\"text-decoration: underline;\">Le premier voyage de notre nouveau Bavaria 36<\/span><\/span><\/a><\/li>\n<li><a href=\"http:\/\/www.bourse-equipage-barry.be\/index.php\/2016\/05\/17\/week-end-de-pentecote-une-premiere\/\"><span style=\"color: #000000;\"><span style=\"text-decoration: underline;\">Week-end de Pentec\u00f4te : Une premi\u00e8re !<\/span><\/span><\/a><\/li>\n<li><span style=\"color: #000000;\"><a style=\"color: #000000;\" href=\"http:\/\/www.bourse-equipage-barry.be\/index.php\/2016\/05\/15\/londons-rally-0505-au-08052016\"><span style=\"text-decoration: underline;\">London&#8217;s trophy du 5 au 8 mai<\/span><\/a><\/span><\/li>\n<\/ul>\n<h3>Ann\u00e9e 2015 :<\/h3>\n<ul>\n<li><span style=\"color: #000000; text-decoration: underline;\"><a style=\"color: #000000; text-decoration: underline;\" href=\"http:\/\/www.bourse-equipage-barry.be\/?p=1327\">Week end du 10 et 11 octobre : il y a des invit\u00e9(e)s<\/a><\/span><\/li>\n<li>\u00a0<span style=\"color: #000000; text-decoration: underline;\"><a style=\"color: #000000; text-decoration: underline;\" href=\"http:\/\/www.bourse-equipage-barry.be\/?p=1311\">Week-end du 03 et 04 octobre, l&#8217;\u00e9t\u00e9 indien<\/a><\/span><\/li>\n<li><span style=\"color: #000000; text-decoration: underline;\"><a style=\"color: #000000; text-decoration: underline;\" href=\"http:\/\/www.bourse-equipage-barry.be\/?p=1307\">Week-end du 19 et 20 setembre aller en tgv et retour avec Volvo dans une ambiance familiale<\/a><\/span><\/li>\n<li><span style=\"text-decoration: underline;\"><span style=\"color: #000000; text-decoration: underline;\">W<\/span><span style=\"color: #000000; text-decoration: underline;\"><a style=\"color: #000000; text-decoration: underline;\" href=\"http:\/\/www.bourse-equipage-barry.be\/?p=1245\">eek<\/a><\/span><span style=\"color: #000000; text-decoration: underline;\"><a style=\"color: #000000; text-decoration: underline;\" href=\"http:\/\/www.bourse-equipage-barry.be\/?p=1245\">-end portes ouvertes du 12 et 13 septembre<\/a><\/span><\/span><\/li>\n<li><span style=\"text-decoration: underline;\"><span style=\"color: #000000; text-decoration: underline;\">W<\/span><span style=\"color: #000000; text-decoration: underline;\"><a style=\"color: #000000; text-decoration: underline;\" href=\"http:\/\/www.bourse-equipage-barry.be\/?p=1086\">eek<\/a><\/span><span style=\"color: #000000; text-decoration: underline;\"><a style=\"color: #000000; text-decoration: underline;\" href=\"http:\/\/www.bourse-equipage-barry.be\/?p=1086\">-end du 04 et 05 juillet : du juste timing m\u00e9t\u00e9o de l\u2019ap\u00e9ro !<\/a><\/span><\/span><\/li>\n<li><span style=\"color: #000000;\"><span style=\"text-decoration: underline;\">R<\/span><a style=\"color: #000000;\" href=\"http:\/\/www.bourse-equipage-barry.be\/?p=797\"><u>\u00e9cit du week-end du 27 et 28 juin 2015<\/u><\/a><\/span><\/li>\n<li><span style=\"color: #000000;\"><a style=\"color: #000000;\" href=\"http:\/\/www.bourse-equipage-barry.be\/?p=582\"><u>Petit compte-rendu de navigation du 15 au 21 juin 2015<\/u><\/a><\/span><\/li>\n<li><span style=\"color: #000000;\"><a class=\"row-title\" style=\"color: #000000;\" title=\"Modifier avec \u00ab\u00a0Rapport de croisi\u00e8re en Hollandie z\u00e9landaise du 11 au 14 juin 2015\u00a0\u00bb\" href=\"http:\/\/www.bourse-equipage-barry.be\/?p=284\"><u>Croisi\u00e8re en Hollandie z\u00e9landaise du 11 au 14 juin 2015<\/u><\/a><\/span><\/li>\n<li><span style=\"color: #000000;\"><a style=\"color: #000000;\" href=\"http:\/\/www.bourse-equipage-barry.be\/?p=612\"><u>Week-end didactique du 6 au 7 juin 2015<\/u><\/a><\/span>\n<ul>\n<li style=\"list-style-type: none;\"><\/li>\n<\/ul>\n<\/li>\n<\/ul>\n<h6 style=\"padding-left: 60px;\"><\/h6>\n<p>&nbsp;<\/p>\n<p style=\"text-align: center;\">\u00a0<img loading=\"lazy\" decoding=\"async\" class=\"alignnone wp-image-261\" src=\"http:\/\/www.bourse-equipage-barry.be\/wp-content\/uploads\/2015\/06\/2013-07-23-15.11.05-300x225.jpg\" alt=\"2013-07-23 15.11.05\" width=\"450\" height=\"338\" srcset=\"https:\/\/www.bourse-equipage-barry.be\/wp-content\/uploads\/2015\/06\/2013-07-23-15.11.05-300x225.jpg 300w, https:\/\/www.bourse-equipage-barry.be\/wp-content\/uploads\/2015\/06\/2013-07-23-15.11.05-1024x768.jpg 1024w, https:\/\/www.bourse-equipage-barry.be\/wp-content\/uploads\/2015\/06\/2013-07-23-15.11.05.jpg 1280w\" sizes=\"auto, (max-width: 450px) 100vw, 450px\" \/><\/p>\n<p>\u00a0<a href=\"http:\/\/www.bourse-equipage-barry.be\/wp-content\/uploads\/2015\/05\/Club-de-voile-Hainaut-Bourse-d\u00e9quipage-Barry.jpg\"><img loading=\"lazy\" decoding=\"async\" class=\"aligncenter wp-image-2473\" src=\"http:\/\/www.bourse-equipage-barry.be\/wp-content\/uploads\/2015\/05\/Club-de-voile-Hainaut-Bourse-d\u00e9quipage-Barry-243x300.jpg\" width=\"135\" height=\"166\" srcset=\"https:\/\/www.bourse-equipage-barry.be\/wp-content\/uploads\/2015\/05\/Club-de-voile-Hainaut-Bourse-d\u00e9quipage-Barry-243x300.jpg 243w, https:\/\/www.bourse-equipage-barry.be\/wp-content\/uploads\/2015\/05\/Club-de-voile-Hainaut-Bourse-d\u00e9quipage-Barry.jpg 271w\" sizes=\"auto, (max-width: 135px) 100vw, 135px\" \/><\/a><\/p>\n<h6 style=\"text-align: center;\"><span style=\"color: #003366;\"><strong>Club de voile Bourse d&#8217;\u00e9quipage Barry<\/strong><\/span><\/h6>\n<h6 style=\"text-align: center;\"><span style=\"color: #003366;\"><strong>Hainaut\u00a0\u00a0 Belgique\u00a0<\/strong><\/span><\/h6>\n","protected":false},"excerpt":{"rendered":"<p>Pour lire le r\u00e9cit, cliquez sur le titre&#8230; Ann\u00e9e 2020 : Londres et les pays-bas La longue navigation vers la Bretagne en passant par les \u00eeles Scilly Zaton (Croatie) &#8211; Venise sur catamaran La sardaigne sur catamaran Ann\u00e9e 2019 : co-voyage du catamaran de La Rochelle (France) vers Zaton (Croatie) La longue navigation (Nieuwpoort -&gt; &hellip; <a href=\"https:\/\/www.bourse-equipage-barry.be\/index.php\/recits-de-navigation\/\" class=\"more-link\">Continuer la lecture de <span class=\"screen-reader-text\">R\u00e9cits de navigation<\/span> <span class=\"meta-nav\">&rarr;<\/span><\/a><\/p>\n","protected":false},"author":1,"featured_media":0,"parent":0,"menu_order":0,"comment_status":"closed","ping_status":"closed","template":"","meta":{"pmpro_default_level":"","footnotes":""},"class_list":["post-281","page","type-page","status-publish","hentry","pmpro-has-access"],"_links":{"self":[{"href":"https:\/\/www.bourse-equipage-barry.be\/index.php\/wp-json\/wp\/v2\/pages\/281","targetHints":{"allow":["GET"]}}],"collection":[{"href":"https:\/\/www.bourse-equipage-barry.be\/index.php\/wp-json\/wp\/v2\/pages"}],"about":[{"href":"https:\/\/www.bourse-equipage-barry.be\/index.php\/wp-json\/wp\/v2\/types\/page"}],"author":[{"embeddable":true,"href":"https:\/\/www.bourse-equipage-barry.be\/index.php\/wp-json\/wp\/v2\/users\/1"}],"replies":[{"embeddable":true,"href":"https:\/\/www.bourse-equipage-barry.be\/index.php\/wp-json\/wp\/v2\/comments?post=281"}],"version-history":[{"count":87,"href":"https:\/\/www.bourse-equipage-barry.be\/index.php\/wp-json\/wp\/v2\/pages\/281\/revisions"}],"predecessor-version":[{"id":3116,"href":"https:\/\/www.bourse-equipage-barry.be\/index.php\/wp-json\/wp\/v2\/pages\/281\/revisions\/3116"}],"wp:attachment":[{"href":"https:\/\/www.bourse-equipage-barry.be\/index.php\/wp-json\/wp\/v2\/media?parent=281"}],"curies":[{"name":"wp","href":"https:\/\/api.w.org\/{rel}","templated":true}]}}