{"id":6,"date":"2015-05-06T22:06:23","date_gmt":"2015-05-06T21:06:23","guid":{"rendered":"http:\/\/www.bourse-equipage-barry.be\/?page_id=6"},"modified":"2018-10-05T06:01:15","modified_gmt":"2018-10-05T05:01:15","slug":"qui-sommes-nous","status":"publish","type":"page","link":"https:\/\/www.bourse-equipage-barry.be\/index.php\/qui-sommes-nous\/","title":{"rendered":"Qui sommes nous ?"},"content":{"rendered":"<p><style>.fb_iframe_widget span{width:460px !important;} .fb_iframe_widget iframe {margin: 0 !important;}        .fb_edge_comment_widget { display: none !important; }<\/style><div style=\"width:100%; text-align:center\"><div class=\"fb-like\" style=\"width:450px; overflow: hidden !important; \" data-href=\"https:\/\/www.bourse-equipage-barry.be\/index.php\/qui-sommes-nous\/\" data-size=\"small\" data-colorscheme=\"light\" data-width=\"450\" data-layout=\"button\" data-action=\"like\" data-show-faces=\"true\" data-share=\"true\" kid_directed_site=\"false\"><\/div><\/div><br \/>\n<a href=\"http:\/\/www.bourse-equipage-barry.be\/wp-content\/uploads\/2015\/05\/LOGO-BARRY-Web.jpg\" rel=\"attachment wp-att-1661\">\u00a0<\/a><a href=\"http:\/\/www.bourse-equipage-barry.be\/wp-content\/uploads\/2015\/05\/BARRY-Webtest-01.png\">\u00a0<\/a><\/p>\n<div style=\"border: 1px currentColor; width: auto; height: auto; background-color: whitesmoke;\">\n<h6 style=\"text-align: justify;\"><strong><span style=\"color: #333399;\"><span style=\"color: #003366;\">L\u2019asbl Bourse d&#8217;\u00e9quipage Barry est un club de voile<\/span> <\/span>lanc\u00e9 en 1982 par des personnes de Barry, de Tournai et de Leuze, qui seront plus tard rejoints par des Montois, des Mouscronnois des Son\u00e9giens\u00a0et d&#8217;autres principalement du Hainaut en Belgique. L\u2019id\u00e9e est de permettre de naviguer en partageant les co\u00fbts entre les membres.<\/strong><\/h6>\n<h6 style=\"text-align: justify;\"><a href=\"http:\/\/www.bourse-equipage-barry.be\/wp-content\/uploads\/2015\/05\/bateau-2014.jpg\" rel=\"attachment wp-att-1533\"><img loading=\"lazy\" decoding=\"async\" class=\"aligncenter wp-image-1533\" src=\"http:\/\/www.bourse-equipage-barry.be\/wp-content\/uploads\/2015\/05\/bateau-2014-300x225.jpg\" alt=\"bateau 2014\" width=\"450\" height=\"338\" srcset=\"https:\/\/www.bourse-equipage-barry.be\/wp-content\/uploads\/2015\/05\/bateau-2014-300x225.jpg 300w, https:\/\/www.bourse-equipage-barry.be\/wp-content\/uploads\/2015\/05\/bateau-2014-768x576.jpg 768w, https:\/\/www.bourse-equipage-barry.be\/wp-content\/uploads\/2015\/05\/bateau-2014.jpg 1024w\" sizes=\"auto, (max-width: 450px) 100vw, 450px\" \/><\/a><\/h6>\n<h6 style=\"text-align: justify;\"><\/h6>\n<h6 style=\"text-align: justify;\"><strong>L\u2019asbl est actuellement <span style=\"color: #003366;\">propri\u00e9taire d\u2019un voilier de croisi\u00e8re<\/span><\/strong><span style=\"color: #003366;\">\u00a0: un Bavaria 36 cruiser de 2012. Il se trouve \u00e0 Nieuwpoort en Belgique au club\u00a0 WSKLuM.<\/span><\/h6>\n<p style=\"text-align: center;\"><iframe loading=\"lazy\" src=\"https:\/\/www.google.com\/maps\/embed?pb=!1m18!1m12!1m3!1d2503.089753127382!2d2.7479763156050385!3d51.14369597957695!2m3!1f0!2f0!3f0!3m2!1i1024!2i768!4f13.1!3m3!1m2!1s0x0%3A0x15086db207624098!2sWatersportkring+Luchtmacht+vzw!5e0!3m2!1sfr!2sbe!4v1478353851003\" width=\"450\" height=\"300\" frameborder=\"0\" allowfullscreen=\"allowfullscreen\"><\/iframe><\/p>\n<h6 style=\"text-align: justify;\"><strong>L\u2019asbl Bourse d\u2019\u00e9quipage Barry <span style=\"color: #003366;\">mutualise les moyens<\/span><\/strong> pour permettre \u00e0 des passionn\u00e9s de naviguer et g\u00e9rer un bateau. Et tous les membres participent \u00e0 son entretien.<\/h6>\n<h6><strong><span style=\"color: #333399;\"><span style=\"color: #003366;\">Les sorties sont pr\u00e9vues<\/span> <\/span>les week-ends et parfois aussi pendant la semaine, d&#8217;avril \u00e0 juin et de septembre \u00e0 novembre. La navigation se fait en Belgique, en France, parfois en Angleterre ou en Hollande selon la dur\u00e9e de la navigation.<\/strong><\/h6>\n<h6 style=\"text-align: justify;\"><span style=\"color: #333399;\"><span style=\"color: #003366;\"><strong>Pendant l&#8217;\u00e9t\u00e9<\/strong>, plusieurs \u00e9quipages se relaient<\/span>.<\/span><strong> Les destinations\u00a0 sont multiples<\/strong>\u00a0: la France (jusqu\u2019en Bretagne Sud), les Pays-Bas (jusqu\u2019\u00e0 la Frise) et l\u2019Angleterre (Sud de l\u2019Angleterre et \u00eeles Anglo-Normandes, tour de l\u2019Angleterre par l\u2019Ecosse,\u2026), l&#8217;Allemagne (par le canal de Kiel), le Danemark, la Su\u00e8de, l&#8217;Espagne, le Portugal, &#8230;<\/h6>\n<h6 style=\"text-align: justify;\"><a href=\"http:\/\/www.bourse-equipage-barry.be\/wp-content\/uploads\/2015\/05\/DSC_0186.jpg\" rel=\"attachment wp-att-1530\"><img loading=\"lazy\" decoding=\"async\" class=\"aligncenter wp-image-1530\" src=\"http:\/\/www.bourse-equipage-barry.be\/wp-content\/uploads\/2015\/05\/DSC_0186-300x225.jpg\" alt=\"DSC_0186\" width=\"450\" height=\"338\" srcset=\"https:\/\/www.bourse-equipage-barry.be\/wp-content\/uploads\/2015\/05\/DSC_0186-300x225.jpg 300w, https:\/\/www.bourse-equipage-barry.be\/wp-content\/uploads\/2015\/05\/DSC_0186-768x576.jpg 768w, https:\/\/www.bourse-equipage-barry.be\/wp-content\/uploads\/2015\/05\/DSC_0186-1024x768.jpg 1024w\" sizes=\"auto, (max-width: 450px) 100vw, 450px\" \/><\/a><\/h6>\n<h6 style=\"text-align: justify;\"><span style=\"color: #003366;\">Parfois, des \u00e9quipages naviguent sur d&#8217;autres mers<\/span>, comme la M\u00e9diterran\u00e9e ou\u00a0aux Antilles, en louant des bateaux.<\/h6>\n<h6 style=\"text-align: justify;\"><span style=\"color: #0000ff;\"><span style=\"color: #003366;\"><strong>L\u2019asbl est ouverte \u00e0 tous<\/strong><\/span>.<\/span> Nous acceptons les personnes qui d\u00e9butent. <span style=\"color: #003366;\">Il suffit simplement d\u2019\u00eatre int\u00e9ress\u00e9 par la voile et de s\u2019impliquer dans un esprit de convivialit\u00e9.<\/span> Et pour ceux qui le souhaitent de progresser et de devenir skipper.<strong>\u00a0\u00a0\u00a0<\/strong><\/h6>\n<h5 style=\"text-align: center;\"><strong>\u00a0\u00a0\u00a0\u00a0\u00a0\u00a0\u00a0\u00a0\u00a0\u00a0<span style=\"color: #003366;\">\u00a0 <a style=\"color: #003366;\" href=\"http:\/\/www.bourse-equipage-barry.be\/index.php\/nous-contacter\/\"><span style=\"text-decoration: underline;\">Vous voulez prendre le large\u00a0?<\/span><\/a><\/span><\/strong><\/h5>\n<p>&nbsp;<\/p>\n<\/div>\n<h6 style=\"text-align: center;\">\u00a0<img loading=\"lazy\" decoding=\"async\" class=\"alignnone wp-image-262\" src=\"http:\/\/www.bourse-equipage-barry.be\/wp-content\/uploads\/2015\/06\/2013-07-24-11.39.58-225x300.jpg\" alt=\"2013-07-24 11.39.58\" width=\"450\" height=\"600\" srcset=\"https:\/\/www.bourse-equipage-barry.be\/wp-content\/uploads\/2015\/06\/2013-07-24-11.39.58-225x300.jpg 225w, https:\/\/www.bourse-equipage-barry.be\/wp-content\/uploads\/2015\/06\/2013-07-24-11.39.58-300x400.jpg 300w, https:\/\/www.bourse-equipage-barry.be\/wp-content\/uploads\/2015\/06\/2013-07-24-11.39.58-768x1024.jpg 768w, https:\/\/www.bourse-equipage-barry.be\/wp-content\/uploads\/2015\/06\/2013-07-24-11.39.58.jpg 960w\" sizes=\"auto, (max-width: 450px) 100vw, 450px\" \/><\/h6>\n<p><a href=\"http:\/\/www.bourse-equipage-barry.be\/wp-content\/uploads\/2015\/05\/Club-de-voile-Hainaut-Bourse-d\u00e9quipage-Barry.jpg\"><img loading=\"lazy\" decoding=\"async\" class=\"aligncenter wp-image-2473\" src=\"http:\/\/www.bourse-equipage-barry.be\/wp-content\/uploads\/2015\/05\/Club-de-voile-Hainaut-Bourse-d\u00e9quipage-Barry-243x300.jpg\" alt=\"club-de-voile-hainaut-bourse-dequipage-barry\" width=\"135\" height=\"166\" srcset=\"https:\/\/www.bourse-equipage-barry.be\/wp-content\/uploads\/2015\/05\/Club-de-voile-Hainaut-Bourse-d\u00e9quipage-Barry-243x300.jpg 243w, https:\/\/www.bourse-equipage-barry.be\/wp-content\/uploads\/2015\/05\/Club-de-voile-Hainaut-Bourse-d\u00e9quipage-Barry.jpg 271w\" sizes=\"auto, (max-width: 135px) 100vw, 135px\" \/><\/a><\/p>\n<h6 style=\"text-align: center;\"><span style=\"color: #003366;\"><strong>Club de voile Bourse d&#8217;\u00e9quipage Barry<\/strong><\/span><\/h6>\n<h6 style=\"text-align: center;\"><span style=\"color: #003366;\"><strong>Hainaut\u00a0\u00a0 Belgique\u00a0<\/strong><\/span><\/h6>\n","protected":false},"excerpt":{"rendered":"<p>\u00a0\u00a0 L\u2019asbl Bourse d&#8217;\u00e9quipage Barry est un club de voile lanc\u00e9 en 1982 par des personnes de Barry, de Tournai et de Leuze, qui seront plus tard rejoints par des Montois, des Mouscronnois des Son\u00e9giens\u00a0et d&#8217;autres principalement du Hainaut en Belgique. L\u2019id\u00e9e est de permettre de naviguer en partageant les co\u00fbts entre les membres. L\u2019asbl &hellip; <a href=\"https:\/\/www.bourse-equipage-barry.be\/index.php\/qui-sommes-nous\/\" class=\"more-link\">Continuer la lecture de <span class=\"screen-reader-text\">Qui sommes nous ?<\/span> <span class=\"meta-nav\">&rarr;<\/span><\/a><\/p>\n","protected":false},"author":1,"featured_media":0,"parent":0,"menu_order":0,"comment_status":"closed","ping_status":"open","template":"","meta":{"pmpro_default_level":"","footnotes":""},"class_list":["post-6","page","type-page","status-publish","hentry","pmpro-has-access"],"_links":{"self":[{"href":"https:\/\/www.bourse-equipage-barry.be\/index.php\/wp-json\/wp\/v2\/pages\/6","targetHints":{"allow":["GET"]}}],"collection":[{"href":"https:\/\/www.bourse-equipage-barry.be\/index.php\/wp-json\/wp\/v2\/pages"}],"about":[{"href":"https:\/\/www.bourse-equipage-barry.be\/index.php\/wp-json\/wp\/v2\/types\/page"}],"author":[{"embeddable":true,"href":"https:\/\/www.bourse-equipage-barry.be\/index.php\/wp-json\/wp\/v2\/users\/1"}],"replies":[{"embeddable":true,"href":"https:\/\/www.bourse-equipage-barry.be\/index.php\/wp-json\/wp\/v2\/comments?post=6"}],"version-history":[{"count":93,"href":"https:\/\/www.bourse-equipage-barry.be\/index.php\/wp-json\/wp\/v2\/pages\/6\/revisions"}],"predecessor-version":[{"id":2944,"href":"https:\/\/www.bourse-equipage-barry.be\/index.php\/wp-json\/wp\/v2\/pages\/6\/revisions\/2944"}],"wp:attachment":[{"href":"https:\/\/www.bourse-equipage-barry.be\/index.php\/wp-json\/wp\/v2\/media?parent=6"}],"curies":[{"name":"wp","href":"https:\/\/api.w.org\/{rel}","templated":true}]}}