{"id":70,"date":"2015-06-03T21:06:45","date_gmt":"2015-06-03T19:06:45","guid":{"rendered":"http:\/\/www.bourse-equipage-barry.be\/?page_id=70"},"modified":"2024-03-24T19:32:20","modified_gmt":"2024-03-24T18:32:20","slug":"les-membres-du-conseil-dadministration","status":"publish","type":"page","link":"https:\/\/www.bourse-equipage-barry.be\/index.php\/les-membres-du-conseil-dadministration\/","title":{"rendered":"Les membres du conseil d&#8217;administration"},"content":{"rendered":"<ul>\n<li>\n<h6>Pr\u00e9sident :<\/h6>\n<\/li>\n<\/ul>\n<h6 style=\"text-align: center;\"><span style=\"color: #993300;\"><span style=\"color: #003366;\"><img loading=\"lazy\" decoding=\"async\" class=\"wp-image-1124 aligncenter\" src=\"http:\/\/www.bourse-equipage-barry.be\/wp-content\/uploads\/2015\/06\/Marc-en-Bretagne-S-232x300.jpg\" alt=\"Marc en Bretagne S\" width=\"87\" height=\"113\" srcset=\"https:\/\/www.bourse-equipage-barry.be\/wp-content\/uploads\/2015\/06\/Marc-en-Bretagne-S-232x300.jpg 232w, https:\/\/www.bourse-equipage-barry.be\/wp-content\/uploads\/2015\/06\/Marc-en-Bretagne-S.jpg 266w\" sizes=\"auto, (max-width: 87px) 100vw, 87px\" \/><\/span><\/span><span style=\"color: #993300;\"><span style=\"color: #003366;\"><span style=\"text-decoration: underline;\"><a style=\"color: #003366; text-decoration: underline;\" href=\"mailto:president@bourse-equipage-barry.be\">Marc Van den Bossche<\/a><\/span><\/span><\/span><\/h6>\n<hr \/>\n<ul>\n<li>\n<h6>Secr\u00e9taire et r\u00e9servations des embarquements :<\/h6>\n<\/li>\n<\/ul>\n<h6 style=\"text-align: center;\"><span style=\"color: #993300;\"><span style=\"color: #003366;\"><span style=\"text-decoration: underline;\">Y<a style=\"color: #003366; text-decoration: underline;\" href=\"mailto:secretaire@bourse-equipage-barry.be\">ves<\/a><\/span> <\/span><\/span><\/h6>\n<hr \/>\n<ul>\n<li>\n<h6>Coordination des travaux et\u00a0tenue de l&#8217;inventaire des cartes et livres de navigation :<\/h6>\n<\/li>\n<\/ul>\n<h6 style=\"text-align: center;\"><span style=\"color: #000000;\"><span style=\"color: #993300;\"><span style=\"color: #003366;\"><a href=\"http:\/\/www.bourse-equipage-barry.be\/wp-content\/uploads\/2015\/06\/Club-de-voile-Hainaut-Bourse-d\u00e9quipage-Barry-Andr\u00e9-Sti\u00e9venart.jpg\"><img loading=\"lazy\" decoding=\"async\" class=\"wp-image-2747 aligncenter\" src=\"http:\/\/www.bourse-equipage-barry.be\/wp-content\/uploads\/2015\/06\/Club-de-voile-Hainaut-Bourse-d\u00e9quipage-Barry-Andr\u00e9-Sti\u00e9venart-240x300.jpg\" width=\"87\" height=\"109\" srcset=\"https:\/\/www.bourse-equipage-barry.be\/wp-content\/uploads\/2015\/06\/Club-de-voile-Hainaut-Bourse-d\u00e9quipage-Barry-Andr\u00e9-Sti\u00e9venart-240x300.jpg 240w, https:\/\/www.bourse-equipage-barry.be\/wp-content\/uploads\/2015\/06\/Club-de-voile-Hainaut-Bourse-d\u00e9quipage-Barry-Andr\u00e9-Sti\u00e9venart-300x375.jpg 300w, https:\/\/www.bourse-equipage-barry.be\/wp-content\/uploads\/2015\/06\/Club-de-voile-Hainaut-Bourse-d\u00e9quipage-Barry-Andr\u00e9-Sti\u00e9venart-768x960.jpg 768w, https:\/\/www.bourse-equipage-barry.be\/wp-content\/uploads\/2015\/06\/Club-de-voile-Hainaut-Bourse-d\u00e9quipage-Barry-Andr\u00e9-Sti\u00e9venart-819x1024.jpg 819w, https:\/\/www.bourse-equipage-barry.be\/wp-content\/uploads\/2015\/06\/Club-de-voile-Hainaut-Bourse-d\u00e9quipage-Barry-Andr\u00e9-Sti\u00e9venart.jpg 1433w\" sizes=\"auto, (max-width: 87px) 100vw, 87px\" \/><\/a><\/span><\/span><\/span><a style=\"color: #003366;\" href=\"mailto:travaux@bourse-equipage-barry.be\"><u>Andr\u00e9 Sti\u00e9venart<\/u><\/a><\/h6>\n<hr \/>\n<ul>\n<li style=\"text-align: left;\">\n<h6>Communication interne et externe :<\/h6>\n<\/li>\n<\/ul>\n<h6 style=\"text-align: center;\"><span style=\"color: #000000;\"><span style=\"color: #993300;\"><span style=\"color: #003366;\"><a href=\"http:\/\/www.bourse-equipage-barry.be\/wp-content\/uploads\/2015\/06\/Club-de-voile-Hainaut-Bourse-d\u00e9quipage-Barry-Paul-Carlier.jpg\"><img loading=\"lazy\" decoding=\"async\" class=\"wp-image-2749 aligncenter\" src=\"http:\/\/www.bourse-equipage-barry.be\/wp-content\/uploads\/2015\/06\/Club-de-voile-Hainaut-Bourse-d\u00e9quipage-Barry-Paul-Carlier.jpg\" width=\"87\" height=\"87\" srcset=\"https:\/\/www.bourse-equipage-barry.be\/wp-content\/uploads\/2015\/06\/Club-de-voile-Hainaut-Bourse-d\u00e9quipage-Barry-Paul-Carlier.jpg 240w, https:\/\/www.bourse-equipage-barry.be\/wp-content\/uploads\/2015\/06\/Club-de-voile-Hainaut-Bourse-d\u00e9quipage-Barry-Paul-Carlier-200x200.jpg 200w, https:\/\/www.bourse-equipage-barry.be\/wp-content\/uploads\/2015\/06\/Club-de-voile-Hainaut-Bourse-d\u00e9quipage-Barry-Paul-Carlier-100x100.jpg 100w, https:\/\/www.bourse-equipage-barry.be\/wp-content\/uploads\/2015\/06\/Club-de-voile-Hainaut-Bourse-d\u00e9quipage-Barry-Paul-Carlier-150x150.jpg 150w\" sizes=\"auto, (max-width: 87px) 100vw, 87px\" \/><\/a><\/span><\/span><\/span><span style=\"color: #000000;\"><span style=\"color: #993300;\"><span style=\"color: #003366;\"><a style=\"color: #003366;\" href=\"mailto:communication@bourse-equipage-barry.be\"><u>Paul Carlier<\/u><\/a><\/span><\/span><\/span><\/h6>\n<hr \/>\n<ul>\n<li>\n<h6><span style=\"color: #993300;\"><span style=\"color: #000000;\">Tr\u00e9sorier :<\/span><\/span><\/h6>\n<\/li>\n<\/ul>\n<h6 style=\"text-align: center;\"><a href=\"http:\/\/www.bourse-equipage-barry.be\/wp-content\/uploads\/2015\/06\/Club-de-voile-Hainaut-Bourse-d\u00e9quipage-Barry-Paul-Carlier.jpg\"><img loading=\"lazy\" decoding=\"async\" class=\"wp-image-2749 aligncenter\" src=\"http:\/\/www.bourse-equipage-barry.be\/wp-content\/uploads\/2015\/06\/Club-de-voile-Hainaut-Bourse-d\u00e9quipage-Barry-Paul-Carlier.jpg\" width=\"87\" height=\"87\" srcset=\"https:\/\/www.bourse-equipage-barry.be\/wp-content\/uploads\/2015\/06\/Club-de-voile-Hainaut-Bourse-d\u00e9quipage-Barry-Paul-Carlier.jpg 240w, https:\/\/www.bourse-equipage-barry.be\/wp-content\/uploads\/2015\/06\/Club-de-voile-Hainaut-Bourse-d\u00e9quipage-Barry-Paul-Carlier-200x200.jpg 200w, https:\/\/www.bourse-equipage-barry.be\/wp-content\/uploads\/2015\/06\/Club-de-voile-Hainaut-Bourse-d\u00e9quipage-Barry-Paul-Carlier-100x100.jpg 100w, https:\/\/www.bourse-equipage-barry.be\/wp-content\/uploads\/2015\/06\/Club-de-voile-Hainaut-Bourse-d\u00e9quipage-Barry-Paul-Carlier-150x150.jpg 150w\" sizes=\"auto, (max-width: 87px) 100vw, 87px\" \/><\/a><span style=\"color: #993300;\"><span style=\"color: #003366;\"><span style=\"text-decoration: underline;\"><a style=\"color: #003366; text-decoration: underline;\" href=\"mailto:tresorier@bourse-equipage-barry.be\">Paul Carlier<\/a><\/span><\/span><\/span><\/h6>\n<hr \/>\n<p><a href=\"http:\/\/www.bourse-equipage-barry.be\/wp-content\/uploads\/2015\/05\/Club-de-voile-Hainaut-Bourse-d\u00e9quipage-Barry.jpg\"><img loading=\"lazy\" decoding=\"async\" class=\"wp-image-2473 aligncenter\" src=\"http:\/\/www.bourse-equipage-barry.be\/wp-content\/uploads\/2015\/05\/Club-de-voile-Hainaut-Bourse-d\u00e9quipage-Barry-243x300.jpg\" width=\"135\" height=\"166\" srcset=\"https:\/\/www.bourse-equipage-barry.be\/wp-content\/uploads\/2015\/05\/Club-de-voile-Hainaut-Bourse-d\u00e9quipage-Barry-243x300.jpg 243w, https:\/\/www.bourse-equipage-barry.be\/wp-content\/uploads\/2015\/05\/Club-de-voile-Hainaut-Bourse-d\u00e9quipage-Barry.jpg 271w\" sizes=\"auto, (max-width: 135px) 100vw, 135px\" \/><\/a><\/p>\n<h6 style=\"text-align: center;\"><span style=\"color: #003366;\"><strong>Club de voile Bourse d&#8217;\u00e9quipage Barry<\/strong><\/span><\/h6>\n<h6 style=\"text-align: center;\"><span style=\"color: #003366;\"><strong>Hainaut\u00a0\u00a0 Belgique\u00a0<\/strong><\/span><\/h6>\n","protected":false},"excerpt":{"rendered":"<p>Pr\u00e9sident : Marc Van den Bossche Secr\u00e9taire et r\u00e9servations des embarquements : Yves Coordination des travaux et\u00a0tenue de l&#8217;inventaire des cartes et livres de navigation : Andr\u00e9 Sti\u00e9venart Communication interne et externe : Paul Carlier Tr\u00e9sorier : Paul Carlier Club de voile Bourse d&#8217;\u00e9quipage Barry Hainaut\u00a0\u00a0 Belgique\u00a0<\/p>\n","protected":false},"author":1,"featured_media":0,"parent":0,"menu_order":0,"comment_status":"closed","ping_status":"open","template":"","meta":{"pmpro_default_level":"","footnotes":""},"class_list":["post-70","page","type-page","status-publish","hentry","pmpro-has-access"],"_links":{"self":[{"href":"https:\/\/www.bourse-equipage-barry.be\/index.php\/wp-json\/wp\/v2\/pages\/70","targetHints":{"allow":["GET"]}}],"collection":[{"href":"https:\/\/www.bourse-equipage-barry.be\/index.php\/wp-json\/wp\/v2\/pages"}],"about":[{"href":"https:\/\/www.bourse-equipage-barry.be\/index.php\/wp-json\/wp\/v2\/types\/page"}],"author":[{"embeddable":true,"href":"https:\/\/www.bourse-equipage-barry.be\/index.php\/wp-json\/wp\/v2\/users\/1"}],"replies":[{"embeddable":true,"href":"https:\/\/www.bourse-equipage-barry.be\/index.php\/wp-json\/wp\/v2\/comments?post=70"}],"version-history":[{"count":101,"href":"https:\/\/www.bourse-equipage-barry.be\/index.php\/wp-json\/wp\/v2\/pages\/70\/revisions"}],"predecessor-version":[{"id":3171,"href":"https:\/\/www.bourse-equipage-barry.be\/index.php\/wp-json\/wp\/v2\/pages\/70\/revisions\/3171"}],"wp:attachment":[{"href":"https:\/\/www.bourse-equipage-barry.be\/index.php\/wp-json\/wp\/v2\/media?parent=70"}],"curies":[{"name":"wp","href":"https:\/\/api.w.org\/{rel}","templated":true}]}}