{"id":730,"date":"2015-06-27T00:40:23","date_gmt":"2015-06-26T23:40:23","guid":{"rendered":"http:\/\/www.bourse-equipage-barry.be\/?page_id=730"},"modified":"2020-03-04T14:55:45","modified_gmt":"2020-03-04T13:55:45","slug":"evenements","status":"publish","type":"page","link":"https:\/\/www.bourse-equipage-barry.be\/index.php\/evenements\/","title":{"rendered":"Ev\u00e8nements"},"content":{"rendered":"<style>.fb_iframe_widget span{width:460px !important;} .fb_iframe_widget iframe {margin: 0 !important;}        .fb_edge_comment_widget { display: none !important; }<\/style><div style=\"width:100%; text-align:center\"><div class=\"fb-like\" style=\"width:450px; overflow: hidden !important; \" data-href=\"https:\/\/www.bourse-equipage-barry.be\/index.php\/evenements\/\" data-size=\"small\" data-colorscheme=\"light\" data-width=\"450\" data-layout=\"button\" data-action=\"like\" data-show-faces=\"true\" data-share=\"true\" kid_directed_site=\"false\"><\/div><\/div>\n<p style=\"text-align: center;\"><!-- .post-content --><\/p>\n<h3><span style=\"color: #333300;\">Notre Bavaria 36 cruiser<\/span><\/h3>\n<p style=\"padding-left: 30px;\"><b>du nom de son pr\u00e9sident d&#8217;honneur Georges a navigu\u00e9 cet \u00e9t\u00e9 2019 jusqu&#8217;en Ecosse. (<a href=\"https:\/\/www.bourse-equipage-barry.be\/index.php\/2019\/08\/19\/recits-longue-navigation-2019\/\">d\u00e9tails de la navigation<\/a>)<\/b><\/p>\n<p>&nbsp;<\/p>\n<h3 style=\"text-align: center;\"><img loading=\"lazy\" decoding=\"async\" class=\"alignnone size-full wp-image-3087\" src=\"https:\/\/www.bourse-equipage-barry.be\/wp-content\/uploads\/2019\/08\/2019-07-17-16h46m54.jpg\" alt=\"\" width=\"4032\" height=\"2268\" \/><\/h3>\n<p>&nbsp;<\/p>\n<h3 style=\"border: 1px currentColor; width: auto; height: auto;\"><span style=\"color: #008080;\">Depuis 2019 : Nous naviguons \u00e9galement en zone plus chaude sur un Nautitec 40 Open<\/span><\/h3>\n<h3><img loading=\"lazy\" decoding=\"async\" class=\"alignnone size-full wp-image-2949\" src=\"https:\/\/www.bourse-equipage-barry.be\/wp-content\/uploads\/2018\/10\/csm_bavaria-cm-nautitechline-overview-nautitech40open_b357274490.jpg\" alt=\"\" width=\"500\" height=\"344\" srcset=\"https:\/\/www.bourse-equipage-barry.be\/wp-content\/uploads\/2018\/10\/csm_bavaria-cm-nautitechline-overview-nautitech40open_b357274490.jpg 500w, https:\/\/www.bourse-equipage-barry.be\/wp-content\/uploads\/2018\/10\/csm_bavaria-cm-nautitechline-overview-nautitech40open_b357274490-300x206.jpg 300w\" sizes=\"auto, (max-width: 500px) 100vw, 500px\" \/><\/h3>\n<h3 style=\"text-align: left;\"><span style=\"color: #3366ff;\">Nos projets de longue navigation\u00a0<\/span><\/h3>\n<p style=\"text-align: justify;\">Durant l&#8217;\u00e9t\u00e9 2015, plusieurs \u00e9quipages se sont succ\u00e9d\u00e9s pour\u00a0r\u00e9aliser<strong> le tour de l&#8217;Angleterre. Au d\u00e9part de Nieuport<\/strong>,\u00a0en passant par la c\u00f4te Est, le canal de Cal\u00e9donie en <strong>Ecosse<\/strong>, le canal de Crinan, l&#8217;\u00eele de Man\u00a0et la mer d&#8217;<strong>Irlande<\/strong>. De <strong>Bretagne<\/strong>, en passant par <strong>les\u00a0\u00eeles anglo-normandes et l&#8217;\u00eele de Wight<\/strong>, \u00a0le retour vers Nieuwpoort.<\/p>\n<p style=\"text-align: justify;\"><strong>En 2016, les membres du club ont d\u00e9cid\u00e9 que notre destination d&#8217;\u00e9t\u00e9 \u00e9tait<\/strong><strong> <span style=\"color: #003366;\">la direction du Nord vers la Scandinavie .\u00a0Le voyage aller nous \u00e0 amen\u00e9 par le canal de Kiel et la c\u00f4te Ouest de la Su\u00e8de jusqu&#8217;\u00e0 Fredrikstad en Norv\u00e8ge. Le bateau, en passant par Copenhague\u00a0est revenu \u00e0 bon port \u00e0 Nieuport le 28 aout. Il\u00a0a \u00e0 nouveau navigu\u00e9 quelques weekend pendant que l&#8217;annonce de sa vente \u00e9tait publi\u00e9e sur les sites adhoc. <\/span><\/strong><\/p>\n<p style=\"text-align: justify;\"><span style=\"color: #000000;\"><strong>En 2017,\u00a0<\/strong><\/span><span style=\"color: #000000;\"><strong>notre projet \u00a0a permis \u00e0 onze \u00e9quipage de se succ\u00e9der et de naviguer de Portbou jusqu&#8217;\u00e0 Nieuwpoort en passant par Alicante,\u00a0le cap de Gibraltar, Lisbonne, Vigo, Santander, Les sables d&#8217;Olonnes, Audierne, l&#8217;Aber Wrach, &#8230; jusque Nieuwpoort<\/strong><\/span><\/p>\n<p><strong>En 2018<\/strong>, nous sommes retourn\u00e9s fr\u00e9quenter <strong>les \u00eeles et les roches su\u00e9doises.<\/strong><\/p>\n<p><strong>En 2019<\/strong>, nous avons navigu\u00e9s jusqu&#8217;en Ecosse<\/p>\n<p><strong>Cette ann\u00e9e 2020<\/strong>, nous irons vers la Bretagne toujours au d\u00e9part de Nieuwpoort<\/p>\n<p><iframe loading=\"lazy\" style=\"border: 0;\" src=\"https:\/\/www.google.com\/maps\/embed?pb=!1m14!1m12!1m3!1d5519856.855767194!2d6.5187369278737!3d55.385580126202825!2m3!1f0!2f0!3f0!3m2!1i1024!2i768!4f13.1!5e0!3m2!1sfr!2sbe!4v1532724279354\" width=\"600\" height=\"450\" frameborder=\"0\" allowfullscreen=\"allowfullscreen\" data-mce-fragment=\"1\"><\/iframe><\/p>\n<h3 style=\"text-align: left;\"><\/h3>\n<h3 style=\"border: 1px currentColor; width: auto; height: auto;\"><span style=\"color: #800000;\">Aller voir et d\u00e9couvrir<\/span><\/h3>\n<ul>\n<li style=\"text-align: left;\">\n<h6 dir=\"ltr\" style=\"margin-right: 0px;\"><span style=\"color: #ff0000;\"><strong>Journ\u00e9e s\u00e9curit\u00e9\u00a0avec l&#8217;\u00e9cole de voile du SNEH le 18<\/strong> septembre 2016<\/span><\/h6>\n<\/li>\n<\/ul>\n<p><img loading=\"lazy\" decoding=\"async\" class=\"wp-image-1496 aligncenter\" src=\"http:\/\/www.bourse-equipage-barry.be\/wp-content\/uploads\/2015\/06\/numerisation0661-300x233.jpg\" alt=\"numerisation0661\" width=\"250\" height=\"194\" srcset=\"https:\/\/www.bourse-equipage-barry.be\/wp-content\/uploads\/2015\/06\/numerisation0661-300x233.jpg 300w, https:\/\/www.bourse-equipage-barry.be\/wp-content\/uploads\/2015\/06\/numerisation0661.jpg 640w\" sizes=\"auto, (max-width: 250px) 100vw, 250px\" \/><\/p>\n<h6><span style=\"font-family: Calibri; font-size: medium;\">5 membres de notre club ont particip\u00e9 \u00e0 la journ\u00e9e s\u00e9curit\u00e9 organis\u00e9e par le sneh de la Plate Taille. Le temps \u00e9tait de la partie. De l\u2019avis de tous, l\u2019accueil, l\u2019organisation\u00a0 et l\u2019encadrement \u00e9taient impeccable et les exercices propos\u00e9s tr\u00e8s utiles et instructifs et tout ceci dans une tr\u00e8s bonne ambiance. Il y avait environ 25 participants et ce fut donc l\u2019occasion pour les 5 du club d\u2019\u00e9galement rencontrer d\u2019autres voileux. Au programme l\u2019avant midi : d\u00e9briefing et premiers conseils, gilets de sauvetage divers mod\u00e8les, fus\u00e9es lumineuses et fus\u00e9es parachutes. Apr\u00e8s midi utilisation des survies.<\/span><strong><span style=\"font-family: Calibri; font-size: medium;\">A faire ou \u00e0 refaire l\u2019ann\u00e9e prochaine &#8230;\u00a0\u00a0\u00a0\u00a0\u00a0<\/span><\/strong><strong><span style=\"font-family: Calibri; font-size: medium;\">\u00a0\u00a0<\/span><\/strong><\/h6>\n<h6 style=\"text-align: left; padding-left: 30px;\"><a href=\"http:\/\/www.bourse-equipage-barry.be\/wp-content\/uploads\/2015\/06\/WP_20160918_15_36_58_Pro.jpg\"><img loading=\"lazy\" decoding=\"async\" class=\"alignnone size-medium wp-image-1791\" src=\"http:\/\/www.bourse-equipage-barry.be\/wp-content\/uploads\/2015\/06\/WP_20160918_15_36_58_Pro-168x300.jpg\" alt=\"wp_20160918_15_36_58_pro\" width=\"168\" height=\"300\" srcset=\"https:\/\/www.bourse-equipage-barry.be\/wp-content\/uploads\/2015\/06\/WP_20160918_15_36_58_Pro-168x300.jpg 168w, https:\/\/www.bourse-equipage-barry.be\/wp-content\/uploads\/2015\/06\/WP_20160918_15_36_58_Pro-300x534.jpg 300w, https:\/\/www.bourse-equipage-barry.be\/wp-content\/uploads\/2015\/06\/WP_20160918_15_36_58_Pro-768x1368.jpg 768w, https:\/\/www.bourse-equipage-barry.be\/wp-content\/uploads\/2015\/06\/WP_20160918_15_36_58_Pro-575x1024.jpg 575w, https:\/\/www.bourse-equipage-barry.be\/wp-content\/uploads\/2015\/06\/WP_20160918_15_36_58_Pro.jpg 916w\" sizes=\"auto, (max-width: 168px) 100vw, 168px\" \/><\/a>\u00a0\u00a0<a href=\"http:\/\/www.bourse-equipage-barry.be\/wp-content\/uploads\/2015\/06\/WP_20160918_16_02_44_Pro.jpg\"><img loading=\"lazy\" decoding=\"async\" class=\"alignnone size-medium wp-image-1792\" src=\"http:\/\/www.bourse-equipage-barry.be\/wp-content\/uploads\/2015\/06\/WP_20160918_16_02_44_Pro-168x300.jpg\" alt=\"wp_20160918_16_02_44_pro\" width=\"168\" height=\"300\" srcset=\"https:\/\/www.bourse-equipage-barry.be\/wp-content\/uploads\/2015\/06\/WP_20160918_16_02_44_Pro-168x300.jpg 168w, https:\/\/www.bourse-equipage-barry.be\/wp-content\/uploads\/2015\/06\/WP_20160918_16_02_44_Pro-300x534.jpg 300w, https:\/\/www.bourse-equipage-barry.be\/wp-content\/uploads\/2015\/06\/WP_20160918_16_02_44_Pro-768x1368.jpg 768w, https:\/\/www.bourse-equipage-barry.be\/wp-content\/uploads\/2015\/06\/WP_20160918_16_02_44_Pro-575x1024.jpg 575w, https:\/\/www.bourse-equipage-barry.be\/wp-content\/uploads\/2015\/06\/WP_20160918_16_02_44_Pro.jpg 916w\" sizes=\"auto, (max-width: 168px) 100vw, 168px\" \/><span style=\"color: #0066cc;\"><u>\u00a0 <\/u><\/span><\/a><a href=\"http:\/\/www.bourse-equipage-barry.be\/wp-content\/uploads\/2015\/06\/WP_20160918_11_53_30_Pro.jpg\"><span style=\"color: #0066cc;\"><u><img loading=\"lazy\" decoding=\"async\" class=\"alignnone size-medium wp-image-1790\" src=\"http:\/\/www.bourse-equipage-barry.be\/wp-content\/uploads\/2015\/06\/WP_20160918_11_53_30_Pro-168x300.jpg\" alt=\"wp_20160918_11_53_30_pro\" width=\"168\" height=\"300\" srcset=\"https:\/\/www.bourse-equipage-barry.be\/wp-content\/uploads\/2015\/06\/WP_20160918_11_53_30_Pro-168x300.jpg 168w, https:\/\/www.bourse-equipage-barry.be\/wp-content\/uploads\/2015\/06\/WP_20160918_11_53_30_Pro-300x534.jpg 300w, https:\/\/www.bourse-equipage-barry.be\/wp-content\/uploads\/2015\/06\/WP_20160918_11_53_30_Pro-768x1368.jpg 768w, https:\/\/www.bourse-equipage-barry.be\/wp-content\/uploads\/2015\/06\/WP_20160918_11_53_30_Pro-575x1024.jpg 575w, https:\/\/www.bourse-equipage-barry.be\/wp-content\/uploads\/2015\/06\/WP_20160918_11_53_30_Pro.jpg 916w\" sizes=\"auto, (max-width: 168px) 100vw, 168px\" \/><\/u><\/span><\/a><a href=\"http:\/\/www.bourse-equipage-barry.be\/wp-content\/uploads\/2015\/06\/WP_20160918_16_02_44_Pro.jpg\"><u><span style=\"color: #0066cc;\">\u00a0<\/span><\/u><\/a><a href=\"http:\/\/www.bourse-equipage-barry.be\/wp-content\/uploads\/2015\/06\/WP_20160918_16_06_23_Pro.jpg\"><u><span style=\"color: #0066cc;\"><img loading=\"lazy\" decoding=\"async\" class=\"alignnone size-medium wp-image-1793\" src=\"http:\/\/www.bourse-equipage-barry.be\/wp-content\/uploads\/2015\/06\/WP_20160918_16_06_23_Pro-300x168.jpg\" alt=\"wp_20160918_16_06_23_pro\" width=\"300\" height=\"168\" srcset=\"https:\/\/www.bourse-equipage-barry.be\/wp-content\/uploads\/2015\/06\/WP_20160918_16_06_23_Pro-300x168.jpg 300w, https:\/\/www.bourse-equipage-barry.be\/wp-content\/uploads\/2015\/06\/WP_20160918_16_06_23_Pro-768x431.jpg 768w, https:\/\/www.bourse-equipage-barry.be\/wp-content\/uploads\/2015\/06\/WP_20160918_16_06_23_Pro-1024x575.jpg 1024w, https:\/\/www.bourse-equipage-barry.be\/wp-content\/uploads\/2015\/06\/WP_20160918_16_06_23_Pro.jpg 1632w\" sizes=\"auto, (max-width: 300px) 100vw, 300px\" \/><\/span><\/u><\/a>\u00a0\u00a0\u00a0\u00a0\u00a0\u00a0\u00a0\u00a0\u00a0\u00a0 \u00a0<a href=\"http:\/\/www.bourse-equipage-barry.be\/wp-content\/uploads\/2015\/06\/WP_20160918_16_07_41_Pro.jpg\"><img loading=\"lazy\" decoding=\"async\" class=\"alignnone size-medium wp-image-1794\" src=\"http:\/\/www.bourse-equipage-barry.be\/wp-content\/uploads\/2015\/06\/WP_20160918_16_07_41_Pro-168x300.jpg\" alt=\"wp_20160918_16_07_41_pro\" width=\"168\" height=\"300\" srcset=\"https:\/\/www.bourse-equipage-barry.be\/wp-content\/uploads\/2015\/06\/WP_20160918_16_07_41_Pro-168x300.jpg 168w, https:\/\/www.bourse-equipage-barry.be\/wp-content\/uploads\/2015\/06\/WP_20160918_16_07_41_Pro-300x534.jpg 300w, https:\/\/www.bourse-equipage-barry.be\/wp-content\/uploads\/2015\/06\/WP_20160918_16_07_41_Pro-768x1368.jpg 768w, https:\/\/www.bourse-equipage-barry.be\/wp-content\/uploads\/2015\/06\/WP_20160918_16_07_41_Pro-575x1024.jpg 575w, https:\/\/www.bourse-equipage-barry.be\/wp-content\/uploads\/2015\/06\/WP_20160918_16_07_41_Pro.jpg 916w\" sizes=\"auto, (max-width: 168px) 100vw, 168px\" \/><\/a><\/h6>\n<p><strong><span style=\"font-family: Calibri; font-size: medium;\">\u00a0\u00a0\u00a0\u00a0\u00a0\u00a0\u00a0\u00a0\u00a0\u00a0\u00a0<\/span><\/strong><strong>\u00a0<\/strong><\/p>\n<ul>\n<li style=\"text-align: left;\">\n<h6><span style=\"color: #ff0000;\">Entretien moteur hors bord au SNEH le 17 d\u00e9cembre 2016<\/span><\/h6>\n<h6 dir=\"ltr\" style=\"margin-right: 0px;\">Demi journ\u00e9e d&#8217;entretien moteur ce 17 d\u00e9cembre au sneh. Comme pour la journ\u00e9e s\u00e9curit\u00e9, la qualit\u00e9 du formateur \u00e9tait pr\u00e9sente. Quatre personnes du club ont particip\u00e9s \u00e0 cette action. Nous avons pu d\u00e9couvrir les diff\u00e9rents points \u00e0 prendre en compte lors de l&#8217;entretien du moteur hors bord. Le formateur n&#8217;a pas h\u00e9sit\u00e9 \u00e0 mettre la main \u00e0 la p\u00e2te et nous a donn\u00e9 un bon coup de main pour l&#8217;entretien. A faire pour ceux que cela int\u00e9resse !<\/h6>\n<\/li>\n<\/ul>\n<p><a href=\"http:\/\/www.bourse-equipage-barry.be\/wp-content\/uploads\/2015\/06\/Club-de-voile-Hainaut-Bourse-\u00e9quipage-Barry-WP_20161217_14_18_17_Pro.jpg\"><img loading=\"lazy\" decoding=\"async\" class=\"alignnone size-medium wp-image-2545\" src=\"http:\/\/www.bourse-equipage-barry.be\/wp-content\/uploads\/2015\/06\/Club-de-voile-Hainaut-Bourse-\u00e9quipage-Barry-WP_20161217_14_18_17_Pro-300x168.jpg\" alt=\"\" width=\"300\" height=\"168\" srcset=\"https:\/\/www.bourse-equipage-barry.be\/wp-content\/uploads\/2015\/06\/Club-de-voile-Hainaut-Bourse-\u00e9quipage-Barry-WP_20161217_14_18_17_Pro-300x168.jpg 300w, https:\/\/www.bourse-equipage-barry.be\/wp-content\/uploads\/2015\/06\/Club-de-voile-Hainaut-Bourse-\u00e9quipage-Barry-WP_20161217_14_18_17_Pro-768x431.jpg 768w, https:\/\/www.bourse-equipage-barry.be\/wp-content\/uploads\/2015\/06\/Club-de-voile-Hainaut-Bourse-\u00e9quipage-Barry-WP_20161217_14_18_17_Pro-1024x575.jpg 1024w, https:\/\/www.bourse-equipage-barry.be\/wp-content\/uploads\/2015\/06\/Club-de-voile-Hainaut-Bourse-\u00e9quipage-Barry-WP_20161217_14_18_17_Pro.jpg 1632w\" sizes=\"auto, (max-width: 300px) 100vw, 300px\" \/><\/a><a href=\"http:\/\/www.bourse-equipage-barry.be\/wp-content\/uploads\/2015\/06\/Club-de-voile-Hainaut-Bourse-d\u00e9quipage-Barry-IMG_8170.jpg\">\u00a0<\/a><a href=\"http:\/\/www.bourse-equipage-barry.be\/wp-content\/uploads\/2015\/06\/Club-de-voile-Hainaut-Bourse-\u00e9quipage-Barry-WP_20161217_14_18_01_Pro.jpg\"><img loading=\"lazy\" decoding=\"async\" class=\"alignnone size-medium wp-image-2546\" src=\"http:\/\/www.bourse-equipage-barry.be\/wp-content\/uploads\/2015\/06\/Club-de-voile-Hainaut-Bourse-\u00e9quipage-Barry-WP_20161217_14_18_01_Pro-300x168.jpg\" alt=\"\" width=\"300\" height=\"168\" srcset=\"https:\/\/www.bourse-equipage-barry.be\/wp-content\/uploads\/2015\/06\/Club-de-voile-Hainaut-Bourse-\u00e9quipage-Barry-WP_20161217_14_18_01_Pro-300x168.jpg 300w, https:\/\/www.bourse-equipage-barry.be\/wp-content\/uploads\/2015\/06\/Club-de-voile-Hainaut-Bourse-\u00e9quipage-Barry-WP_20161217_14_18_01_Pro-768x431.jpg 768w, https:\/\/www.bourse-equipage-barry.be\/wp-content\/uploads\/2015\/06\/Club-de-voile-Hainaut-Bourse-\u00e9quipage-Barry-WP_20161217_14_18_01_Pro-1024x575.jpg 1024w, https:\/\/www.bourse-equipage-barry.be\/wp-content\/uploads\/2015\/06\/Club-de-voile-Hainaut-Bourse-\u00e9quipage-Barry-WP_20161217_14_18_01_Pro.jpg 1632w\" sizes=\"auto, (max-width: 300px) 100vw, 300px\" \/><\/a><a href=\"http:\/\/www.bourse-equipage-barry.be\/wp-content\/uploads\/2015\/06\/Club-de-voile-Hainaut-Bourse-d\u00e9quipage-Barry-IMG_8174.jpg\"><img loading=\"lazy\" decoding=\"async\" class=\"alignnone size-medium wp-image-2542\" src=\"http:\/\/www.bourse-equipage-barry.be\/wp-content\/uploads\/2015\/06\/Club-de-voile-Hainaut-Bourse-d\u00e9quipage-Barry-IMG_8174-300x225.jpg\" alt=\"\" width=\"300\" height=\"225\" srcset=\"https:\/\/www.bourse-equipage-barry.be\/wp-content\/uploads\/2015\/06\/Club-de-voile-Hainaut-Bourse-d\u00e9quipage-Barry-IMG_8174-300x225.jpg 300w, https:\/\/www.bourse-equipage-barry.be\/wp-content\/uploads\/2015\/06\/Club-de-voile-Hainaut-Bourse-d\u00e9quipage-Barry-IMG_8174-768x576.jpg 768w, https:\/\/www.bourse-equipage-barry.be\/wp-content\/uploads\/2015\/06\/Club-de-voile-Hainaut-Bourse-d\u00e9quipage-Barry-IMG_8174-1024x768.jpg 1024w, https:\/\/www.bourse-equipage-barry.be\/wp-content\/uploads\/2015\/06\/Club-de-voile-Hainaut-Bourse-d\u00e9quipage-Barry-IMG_8174.jpg 1600w\" sizes=\"auto, (max-width: 300px) 100vw, 300px\" \/><\/a>\u00a0<a href=\"http:\/\/www.bourse-equipage-barry.be\/wp-content\/uploads\/2015\/06\/Club-de-voile-Hainaut-Bourse-d\u00e9quipage-Barry-IMG_8170.jpg\"><img loading=\"lazy\" decoding=\"async\" class=\"alignnone size-medium wp-image-2544\" src=\"http:\/\/www.bourse-equipage-barry.be\/wp-content\/uploads\/2015\/06\/Club-de-voile-Hainaut-Bourse-d\u00e9quipage-Barry-IMG_8170-300x225.jpg\" alt=\"\" width=\"300\" height=\"225\" srcset=\"https:\/\/www.bourse-equipage-barry.be\/wp-content\/uploads\/2015\/06\/Club-de-voile-Hainaut-Bourse-d\u00e9quipage-Barry-IMG_8170-300x225.jpg 300w, https:\/\/www.bourse-equipage-barry.be\/wp-content\/uploads\/2015\/06\/Club-de-voile-Hainaut-Bourse-d\u00e9quipage-Barry-IMG_8170-768x576.jpg 768w, https:\/\/www.bourse-equipage-barry.be\/wp-content\/uploads\/2015\/06\/Club-de-voile-Hainaut-Bourse-d\u00e9quipage-Barry-IMG_8170-1024x768.jpg 1024w, https:\/\/www.bourse-equipage-barry.be\/wp-content\/uploads\/2015\/06\/Club-de-voile-Hainaut-Bourse-d\u00e9quipage-Barry-IMG_8170.jpg 1600w\" sizes=\"auto, (max-width: 300px) 100vw, 300px\" \/><\/a><\/p>\n<p>&nbsp;<\/p>\n<ul>\n<li style=\"text-align: left;\">\n<h6><span style=\"color: #ff0000;\">Evolution du projet social\u00a0 : Sail in Solidarity par Andr\u00e9 Robberechts<\/span><\/h6>\n<\/li>\n<\/ul>\n<h6 style=\"padding-left: 120px;\"><em><strong><span style=\"color: #000000;\">Article :<\/span> <span style=\"text-decoration: underline;\"><span style=\"color: #000000; text-decoration: underline;\"><a style=\"color: #000000; text-decoration: underline;\" href=\"http:\/\/www.bourse-equipage-barry.be\/wp-content\/uploads\/2015\/06\/SaveYourSouls.pdf\">dans Business Wapi<\/a><\/span><\/span><\/strong><\/em><\/h6>\n<h6 style=\"padding-left: 120px;\"><span style=\"color: #000000;\"><em><strong>Article :<\/strong><\/em><a style=\"color: #000000;\" href=\"http:\/\/www.lavenir.net\/cnt\/dmf20160508_00823432\/des-benevoles-pour-construire-un-voilier-des-septembre-a-peronnes\"> <span style=\"text-decoration: underline;\"><em><strong>l&#8217;avenir.net<\/strong><\/em><\/span><\/a><\/span><\/h6>\n<h6 style=\"padding-left: 90px;\"><em><span style=\"color: #000000;\"><strong>\u00a0 \u00a0 \u00a0 \u00a0<\/strong><\/span><\/em><span style=\"text-decoration: underline;\"><em><span style=\"color: #000000; text-decoration: underline;\"><strong><a style=\"color: #000000; text-decoration: underline;\" href=\"https:\/\/www.notele.be\/list32-les-reportages-de-notele-sur-l-entite-de-tournai-media56270-sail-in-solidarity.html\">Reportage sur l&#8217;\u00e9volution du projet sur NOTELE<\/a><\/strong><\/span><\/em> <\/span><em><span style=\"color: #000000;\"><strong>\u00a0<\/strong><\/span><\/em><\/h6>\n<p>&nbsp;<\/p>\n<h3 style=\"text-align: left;\">\u00a0<span style=\"color: #ff6600;\">Journ\u00e9es portes ouvertes<\/span><\/h3>\n<p><span style=\"color: #800000;\"><strong><a href=\"http:\/\/www.bourse-equipage-barry.be\/wp-content\/uploads\/2015\/05\/Club-de-voile-Hainaut-Bourse-d\u00e9quipage-Barry.jpg\"><img loading=\"lazy\" decoding=\"async\" class=\"wp-image-2473 aligncenter\" src=\"http:\/\/www.bourse-equipage-barry.be\/wp-content\/uploads\/2015\/05\/Club-de-voile-Hainaut-Bourse-d\u00e9quipage-Barry-243x300.jpg\" alt=\"club-de-voile-hainaut-bourse-dequipage-barry\" width=\"170\" height=\"210\" srcset=\"https:\/\/www.bourse-equipage-barry.be\/wp-content\/uploads\/2015\/05\/Club-de-voile-Hainaut-Bourse-d\u00e9quipage-Barry-243x300.jpg 243w, https:\/\/www.bourse-equipage-barry.be\/wp-content\/uploads\/2015\/05\/Club-de-voile-Hainaut-Bourse-d\u00e9quipage-Barry.jpg 271w\" sizes=\"auto, (max-width: 170px) 100vw, 170px\" \/><\/a><\/strong><\/span><a href=\"http:\/\/www.bourse-equipage-barry.be\/wp-content\/uploads\/2015\/05\/BARRY-Webtest-01.png\"><br \/>\n<\/a><\/p>\n<h5 style=\"text-align: center;\"><span style=\"color: #003366;\"><em>Bourse d&#8217;\u00e9quipage Barry, <\/em><\/span><span style=\"color: #003366;\"><em>des envies de naviguer<\/em>\u00a0 <\/span><\/h5>\n<h6 style=\"text-align: center;\">Des week-ends pour d\u00e9couvrir le club !<\/h6>\n<h6 style=\"text-align: justify;\">Des candidats\u00a0se sont\u00a0initi\u00e9s \u00a0<strong>au plaisir de la voile<\/strong> durant plusieurs week ends cette ann\u00e9e. Initiation toujours bien\u00a0appr\u00e9ci\u00e9e par les apprentis marins !<\/h6>\n<p style=\"text-align: center;\">Diverses formules d&#8217;<strong>essai sont possibles<\/strong> durant l&#8217;ann\u00e9e lors des week-end de navigation.\u00a0 <strong>Int\u00e9ress\u00e9 ?<\/strong> prenez contact avec nous.<\/p>\n<p style=\"text-align: center;\"><span style=\"color: #003366;\"><strong>\u00a0<\/strong><\/span><span style=\"color: #003366;\"><strong> <a style=\"color: #003366;\" href=\"mailto:info@bourse-equipage-barry.be\"><u>Demande d&#8217;informations<\/u><\/a><\/strong><\/span><\/p>\n<p>&nbsp;<\/p>\n<p><a href=\"http:\/\/www.bourse-equipage-barry.be\/wp-content\/uploads\/2015\/06\/DSC_0406.jpg\"><img loading=\"lazy\" decoding=\"async\" class=\"wp-image-1918 aligncenter\" src=\"http:\/\/www.bourse-equipage-barry.be\/wp-content\/uploads\/2015\/06\/DSC_0406-300x199.jpg\" alt=\"dsc_0406\" width=\"450\" height=\"299\" srcset=\"https:\/\/www.bourse-equipage-barry.be\/wp-content\/uploads\/2015\/06\/DSC_0406-300x199.jpg 300w, https:\/\/www.bourse-equipage-barry.be\/wp-content\/uploads\/2015\/06\/DSC_0406-768x510.jpg 768w, https:\/\/www.bourse-equipage-barry.be\/wp-content\/uploads\/2015\/06\/DSC_0406-1024x680.jpg 1024w\" sizes=\"auto, (max-width: 450px) 100vw, 450px\" \/><\/a><\/p>\n<h6 style=\"text-align: center;\"><span style=\"color: #003366;\"><strong>Club de voile Bourse d&#8217;\u00e9quipage Barry<\/strong><\/span><\/h6>\n<h6 style=\"text-align: center;\"><span style=\"color: #003366;\"><strong>Hainaut\u00a0\u00a0 Belgique\u00a0<\/strong><\/span><\/h6>\n","protected":false},"excerpt":{"rendered":"<p>Notre Bavaria 36 cruiser du nom de son pr\u00e9sident d&#8217;honneur Georges a navigu\u00e9 cet \u00e9t\u00e9 2019 jusqu&#8217;en Ecosse. (d\u00e9tails de la navigation) &nbsp; &nbsp; Depuis 2019 : Nous naviguons \u00e9galement en zone plus chaude sur un Nautitec 40 Open Nos projets de longue navigation\u00a0 Durant l&#8217;\u00e9t\u00e9 2015, plusieurs \u00e9quipages se sont succ\u00e9d\u00e9s pour\u00a0r\u00e9aliser le tour &hellip; <a href=\"https:\/\/www.bourse-equipage-barry.be\/index.php\/evenements\/\" class=\"more-link\">Continuer la lecture de <span class=\"screen-reader-text\">Ev\u00e8nements<\/span> <span class=\"meta-nav\">&rarr;<\/span><\/a><\/p>\n","protected":false},"author":1,"featured_media":0,"parent":0,"menu_order":0,"comment_status":"closed","ping_status":"closed","template":"","meta":{"pmpro_default_level":"","footnotes":""},"class_list":["post-730","page","type-page","status-publish","hentry","pmpro-has-access"],"_links":{"self":[{"href":"https:\/\/www.bourse-equipage-barry.be\/index.php\/wp-json\/wp\/v2\/pages\/730","targetHints":{"allow":["GET"]}}],"collection":[{"href":"https:\/\/www.bourse-equipage-barry.be\/index.php\/wp-json\/wp\/v2\/pages"}],"about":[{"href":"https:\/\/www.bourse-equipage-barry.be\/index.php\/wp-json\/wp\/v2\/types\/page"}],"author":[{"embeddable":true,"href":"https:\/\/www.bourse-equipage-barry.be\/index.php\/wp-json\/wp\/v2\/users\/1"}],"replies":[{"embeddable":true,"href":"https:\/\/www.bourse-equipage-barry.be\/index.php\/wp-json\/wp\/v2\/comments?post=730"}],"version-history":[{"count":422,"href":"https:\/\/www.bourse-equipage-barry.be\/index.php\/wp-json\/wp\/v2\/pages\/730\/revisions"}],"predecessor-version":[{"id":3118,"href":"https:\/\/www.bourse-equipage-barry.be\/index.php\/wp-json\/wp\/v2\/pages\/730\/revisions\/3118"}],"wp:attachment":[{"href":"https:\/\/www.bourse-equipage-barry.be\/index.php\/wp-json\/wp\/v2\/media?parent=730"}],"curies":[{"name":"wp","href":"https:\/\/api.w.org\/{rel}","templated":true}]}}