{"id":761,"date":"2015-06-27T15:26:39","date_gmt":"2015-06-27T13:26:39","guid":{"rendered":"http:\/\/www.bourse-equipage-barry.be\/?page_id=761"},"modified":"2018-10-09T20:35:46","modified_gmt":"2018-10-09T19:35:46","slug":"cartes-et-guides-disponibles-2","status":"publish","type":"page","link":"https:\/\/www.bourse-equipage-barry.be\/index.php\/cartes-et-guides-disponibles-2\/","title":{"rendered":"Cartes et guides disponibles"},"content":{"rendered":"<h6><strong>Mise \u00e0 jour au 20 11 2016<\/strong><\/h6>\n<p style=\"text-align: center;\"><strong>T\u00e9l\u00e9charger\u00a0\u00a0les <span style=\"color: #003366;\"><span style=\"text-decoration: underline;\"><span style=\"color: #003366; text-decoration: underline;\">\u00a0<a style=\"color: #003366; text-decoration: underline;\" href=\"http:\/\/www.bourse-equipage-barry.be\/wp-content\/uploads\/2015\/06\/cartes-et-guides-2016-11-20.xls\">cartes-et-guides<\/a><\/span><\/span>\u00a0 <\/span>au format Excel<\/strong><\/p>\n<p><a href=\"http:\/\/www.bourse-equipage-barry.be\/wp-content\/uploads\/2015\/05\/Club-de-voile-Hainaut-Bourse-d\u00e9quipage-Barry.jpg\"><img loading=\"lazy\" decoding=\"async\" class=\"wp-image-2473 aligncenter\" src=\"http:\/\/www.bourse-equipage-barry.be\/wp-content\/uploads\/2015\/05\/Club-de-voile-Hainaut-Bourse-d\u00e9quipage-Barry-243x300.jpg\" width=\"135\" height=\"166\" srcset=\"https:\/\/www.bourse-equipage-barry.be\/wp-content\/uploads\/2015\/05\/Club-de-voile-Hainaut-Bourse-d\u00e9quipage-Barry-243x300.jpg 243w, https:\/\/www.bourse-equipage-barry.be\/wp-content\/uploads\/2015\/05\/Club-de-voile-Hainaut-Bourse-d\u00e9quipage-Barry.jpg 271w\" sizes=\"auto, (max-width: 135px) 100vw, 135px\" \/><\/a><\/p>\n<p>&nbsp;<\/p>\n<p><a href=\"http:\/\/www.bourse-equipage-barry.be\/wp-content\/uploads\/2015\/06\/Club-de-voile-Hainaut-Bourse-d\u00e9quipage-Barry-DSC_0358-300x199.jpg\"><img loading=\"lazy\" decoding=\"async\" class=\"aligncenter wp-image-2570\" src=\"http:\/\/www.bourse-equipage-barry.be\/wp-content\/uploads\/2015\/06\/Club-de-voile-Hainaut-Bourse-d\u00e9quipage-Barry-DSC_0358-300x199-300x199.jpg\" width=\"450\" height=\"299\" \/><\/a><\/p>\n<h6 style=\"text-align: center;\"><span style=\"color: #003366;\"><strong>Club de voile Bourse d&#8217;\u00e9quipage Barry<\/strong><\/span><\/h6>\n<h6 style=\"text-align: center;\"><span style=\"color: #003366;\"><strong>Hainaut\u00a0\u00a0 Belgique\u00a0<\/strong><\/span><\/h6>\n","protected":false},"excerpt":{"rendered":"<p>Mise \u00e0 jour au 20 11 2016 T\u00e9l\u00e9charger\u00a0\u00a0les \u00a0cartes-et-guides\u00a0 au format Excel &nbsp; Club de voile Bourse d&#8217;\u00e9quipage Barry Hainaut\u00a0\u00a0 Belgique\u00a0<\/p>\n","protected":false},"author":1,"featured_media":0,"parent":0,"menu_order":0,"comment_status":"closed","ping_status":"open","template":"","meta":{"pmpro_default_level":"","footnotes":""},"class_list":["post-761","page","type-page","status-publish","hentry","pmpro-has-access"],"_links":{"self":[{"href":"https:\/\/www.bourse-equipage-barry.be\/index.php\/wp-json\/wp\/v2\/pages\/761","targetHints":{"allow":["GET"]}}],"collection":[{"href":"https:\/\/www.bourse-equipage-barry.be\/index.php\/wp-json\/wp\/v2\/pages"}],"about":[{"href":"https:\/\/www.bourse-equipage-barry.be\/index.php\/wp-json\/wp\/v2\/types\/page"}],"author":[{"embeddable":true,"href":"https:\/\/www.bourse-equipage-barry.be\/index.php\/wp-json\/wp\/v2\/users\/1"}],"replies":[{"embeddable":true,"href":"https:\/\/www.bourse-equipage-barry.be\/index.php\/wp-json\/wp\/v2\/comments?post=761"}],"version-history":[{"count":22,"href":"https:\/\/www.bourse-equipage-barry.be\/index.php\/wp-json\/wp\/v2\/pages\/761\/revisions"}],"predecessor-version":[{"id":2729,"href":"https:\/\/www.bourse-equipage-barry.be\/index.php\/wp-json\/wp\/v2\/pages\/761\/revisions\/2729"}],"wp:attachment":[{"href":"https:\/\/www.bourse-equipage-barry.be\/index.php\/wp-json\/wp\/v2\/media?parent=761"}],"curies":[{"name":"wp","href":"https:\/\/api.w.org\/{rel}","templated":true}]}}