{"id":9,"date":"2015-05-06T22:07:18","date_gmt":"2015-05-06T20:07:18","guid":{"rendered":"http:\/\/www.bourse-equipage-barry.be\/?page_id=9"},"modified":"2020-09-27T19:07:32","modified_gmt":"2020-09-27T18:07:32","slug":"acceuil","status":"publish","type":"page","link":"https:\/\/www.bourse-equipage-barry.be\/","title":{"rendered":"Bienvenue \u00e0 bord"},"content":{"rendered":"<h6 style=\"text-align: center;\">Notre club de voile est situ\u00e9 dans le Hainaut en Belgique. Le port d&#8217;attache de notre voilier est le <a href=\"http:\/\/www.wsklum.be\/\" target=\"_blank\" rel=\"noopener noreferrer\">Wsklum<\/a> \u00e0 Nieuwpoort.<\/h6>\n<p><img loading=\"lazy\" decoding=\"async\" class=\"size-full wp-image-2688 aligncenter\" src=\"https:\/\/www.bourse-equipage-barry.be\/wp-content\/uploads\/2015\/05\/Club-de-voile-Bourse-d\u00e9quipage-Barry-Bienvenue-\u00e0-bord.jpg\" alt=\"\" width=\"225\" height=\"225\" srcset=\"https:\/\/www.bourse-equipage-barry.be\/wp-content\/uploads\/2015\/05\/Club-de-voile-Bourse-d\u00e9quipage-Barry-Bienvenue-\u00e0-bord.jpg 225w, https:\/\/www.bourse-equipage-barry.be\/wp-content\/uploads\/2015\/05\/Club-de-voile-Bourse-d\u00e9quipage-Barry-Bienvenue-\u00e0-bord-200x200.jpg 200w, https:\/\/www.bourse-equipage-barry.be\/wp-content\/uploads\/2015\/05\/Club-de-voile-Bourse-d\u00e9quipage-Barry-Bienvenue-\u00e0-bord-100x100.jpg 100w, https:\/\/www.bourse-equipage-barry.be\/wp-content\/uploads\/2015\/05\/Club-de-voile-Bourse-d\u00e9quipage-Barry-Bienvenue-\u00e0-bord-150x150.jpg 150w\" sizes=\"auto, (max-width: 225px) 100vw, 225px\" \/><\/p>\n<style>.fb_iframe_widget span{width:460px !important;} .fb_iframe_widget iframe {margin: 0 !important;}        .fb_edge_comment_widget { display: none !important; }<\/style><div style=\"width:100%; text-align:center\"><div class=\"fb-like\" style=\"width:450px; overflow: hidden !important; \" data-href=\"https:\/\/www.bourse-equipage-barry.be\/\" data-size=\"small\" data-colorscheme=\"light\" data-width=\"450\" data-layout=\"button\" data-action=\"like\" data-show-faces=\"true\" data-share=\"true\" kid_directed_site=\"false\"><\/div><\/div>\n<h2 style=\"text-align: left;\"><span style=\"color: #003366;\">Depuis 2019 et toujours d&#8217;actualit\u00e9 :<\/span><\/h2>\n<p>Les membres du club ont d\u00e9sormais la possibilit\u00e9 de naviguer, en plus de notre croiseur Bavaria 36, sur un Nautitech 40 Open 6 semaines par an. Le voici flambant neuf &#8230;<\/p>\n<p>.\u00a0\u00a0<a href=\"https:\/\/www.bourse-equipage-barry.be\/wp-content\/uploads\/2019\/03\/WP_20190321_001.jpg\" target=\"_blank\" rel=\"noopener noreferrer\"><img loading=\"lazy\" decoding=\"async\" class=\"alignnone wp-image-3067\" src=\"https:\/\/www.bourse-equipage-barry.be\/wp-content\/uploads\/2019\/03\/WP_20190321_001.jpg\" alt=\"\" width=\"276\" height=\"155\" srcset=\"https:\/\/www.bourse-equipage-barry.be\/wp-content\/uploads\/2019\/03\/WP_20190321_001.jpg 1632w, https:\/\/www.bourse-equipage-barry.be\/wp-content\/uploads\/2019\/03\/WP_20190321_001-300x169.jpg 300w, https:\/\/www.bourse-equipage-barry.be\/wp-content\/uploads\/2019\/03\/WP_20190321_001-768x432.jpg 768w, https:\/\/www.bourse-equipage-barry.be\/wp-content\/uploads\/2019\/03\/WP_20190321_001-1024x576.jpg 1024w\" sizes=\"auto, (max-width: 276px) 100vw, 276px\" \/><\/a> <a href=\"https:\/\/www.bourse-equipage-barry.be\/wp-content\/uploads\/2019\/03\/WP_20190321_002.jpg\" target=\"_blank\" rel=\"noopener noreferrer\"><img loading=\"lazy\" decoding=\"async\" class=\"alignnone wp-image-3066\" src=\"https:\/\/www.bourse-equipage-barry.be\/wp-content\/uploads\/2019\/03\/WP_20190321_002.jpg\" alt=\"\" width=\"276\" height=\"155\" srcset=\"https:\/\/www.bourse-equipage-barry.be\/wp-content\/uploads\/2019\/03\/WP_20190321_002.jpg 1632w, https:\/\/www.bourse-equipage-barry.be\/wp-content\/uploads\/2019\/03\/WP_20190321_002-300x169.jpg 300w, https:\/\/www.bourse-equipage-barry.be\/wp-content\/uploads\/2019\/03\/WP_20190321_002-768x432.jpg 768w, https:\/\/www.bourse-equipage-barry.be\/wp-content\/uploads\/2019\/03\/WP_20190321_002-1024x576.jpg 1024w\" sizes=\"auto, (max-width: 276px) 100vw, 276px\" \/><\/a><\/p>\n<h2 style=\"text-align: center;\">Nous sommes\u00a0un club de voile<br \/>\nqui permet\u00a0\u00e0 ceux qui en ont envie<br \/>\nde naviguer !<\/h2>\n<h2 style=\"text-align: center;\"><img loading=\"lazy\" decoding=\"async\" class=\"size-full wp-image-2562 aligncenter\" src=\"https:\/\/www.bourse-equipage-barry.be\/wp-content\/uploads\/2015\/05\/Club-de-voile-Hainaut-Bourse-d\u00e9quipage-Barry-DSC04427-1024x768.jpg\" alt=\"\" width=\"1008\" height=\"746\" srcset=\"https:\/\/www.bourse-equipage-barry.be\/wp-content\/uploads\/2015\/05\/Club-de-voile-Hainaut-Bourse-d\u00e9quipage-Barry-DSC04427-1024x768.jpg 1008w, https:\/\/www.bourse-equipage-barry.be\/wp-content\/uploads\/2015\/05\/Club-de-voile-Hainaut-Bourse-d\u00e9quipage-Barry-DSC04427-1024x768-300x222.jpg 300w, https:\/\/www.bourse-equipage-barry.be\/wp-content\/uploads\/2015\/05\/Club-de-voile-Hainaut-Bourse-d\u00e9quipage-Barry-DSC04427-1024x768-768x568.jpg 768w\" sizes=\"auto, (max-width: 1008px) 100vw, 1008px\" \/><br \/>\nD\u00e9butant ?\u00a0ou confirm\u00e9 ?\u00a0Il suffit d&#8217;\u00eatre motiv\u00e9 par la pratique de la voile<br \/>\n<a href=\"https:\/\/www.bourse-equipage-barry.be\/index.php\/nous-contacter\/\">Envie de prendre le large !<\/a><\/h2>\n<h5 style=\"text-align: center;\"><img loading=\"lazy\" decoding=\"async\" class=\"alignnone size-full wp-image-324\" src=\"https:\/\/www.bourse-equipage-barry.be\/wp-content\/uploads\/2015\/06\/2013-07-22-16.25.38.jpg\" alt=\"\" width=\"1280\" height=\"960\" srcset=\"https:\/\/www.bourse-equipage-barry.be\/wp-content\/uploads\/2015\/06\/2013-07-22-16.25.38.jpg 1280w, https:\/\/www.bourse-equipage-barry.be\/wp-content\/uploads\/2015\/06\/2013-07-22-16.25.38-300x225.jpg 300w, https:\/\/www.bourse-equipage-barry.be\/wp-content\/uploads\/2015\/06\/2013-07-22-16.25.38-1024x768.jpg 1024w\" sizes=\"auto, (max-width: 1280px) 100vw, 1280px\" \/><\/h5>\n<h5 style=\"text-align: center;\"><img loading=\"lazy\" decoding=\"async\" class=\"alignnone size-full wp-image-1661\" src=\"https:\/\/www.bourse-equipage-barry.be\/wp-content\/uploads\/2015\/05\/LOGO-BARRY-Web-e1459440977959.jpg\" alt=\"\" width=\"108\" height=\"125\" \/><br \/>\n<span style=\"color: #3366ff;\">Club de voile Bourse d&#8217;\u00e9quipage Barry<\/span><br \/>\n<span style=\"color: #3366ff;\">Hainaut\u00a0\u00a0 Belgique\u00a0<\/span><\/h5>\n","protected":false},"excerpt":{"rendered":"<p>Notre club de voile est situ\u00e9 dans le Hainaut en Belgique. Le port d&#8217;attache de notre voilier est le Wsklum \u00e0 Nieuwpoort. Depuis 2019 et toujours d&#8217;actualit\u00e9 : Les membres du club ont d\u00e9sormais la possibilit\u00e9 de naviguer, en plus de notre croiseur Bavaria 36, sur un Nautitech 40 Open 6 semaines par an. Le &hellip; <a href=\"https:\/\/www.bourse-equipage-barry.be\/\" class=\"more-link\">Continuer la lecture de <span class=\"screen-reader-text\">Bienvenue \u00e0 bord<\/span> <span class=\"meta-nav\">&rarr;<\/span><\/a><\/p>\n","protected":false},"author":1,"featured_media":0,"parent":0,"menu_order":0,"comment_status":"closed","ping_status":"closed","template":"","meta":{"pmpro_default_level":"","footnotes":""},"class_list":["post-9","page","type-page","status-publish","hentry","pmpro-has-access"],"_links":{"self":[{"href":"https:\/\/www.bourse-equipage-barry.be\/index.php\/wp-json\/wp\/v2\/pages\/9","targetHints":{"allow":["GET"]}}],"collection":[{"href":"https:\/\/www.bourse-equipage-barry.be\/index.php\/wp-json\/wp\/v2\/pages"}],"about":[{"href":"https:\/\/www.bourse-equipage-barry.be\/index.php\/wp-json\/wp\/v2\/types\/page"}],"author":[{"embeddable":true,"href":"https:\/\/www.bourse-equipage-barry.be\/index.php\/wp-json\/wp\/v2\/users\/1"}],"replies":[{"embeddable":true,"href":"https:\/\/www.bourse-equipage-barry.be\/index.php\/wp-json\/wp\/v2\/comments?post=9"}],"version-history":[{"count":436,"href":"https:\/\/www.bourse-equipage-barry.be\/index.php\/wp-json\/wp\/v2\/pages\/9\/revisions"}],"predecessor-version":[{"id":3115,"href":"https:\/\/www.bourse-equipage-barry.be\/index.php\/wp-json\/wp\/v2\/pages\/9\/revisions\/3115"}],"wp:attachment":[{"href":"https:\/\/www.bourse-equipage-barry.be\/index.php\/wp-json\/wp\/v2\/media?parent=9"}],"curies":[{"name":"wp","href":"https:\/\/api.w.org\/{rel}","templated":true}]}}